{"id":368,"date":"2024-03-27T07:42:59","date_gmt":"2024-03-27T07:42:59","guid":{"rendered":"https:\/\/ciscenjezgrade.com\/?page_id=368"},"modified":"2024-03-28T08:39:38","modified_gmt":"2024-03-28T08:39:38","slug":"pranje-pod-visokim-pritiskom","status":"publish","type":"page","link":"https:\/\/ciscenjezgrade.com\/index.php\/pranje-pod-visokim-pritiskom\/","title":{"rendered":"KARCHER HD 6\/15-4 *KAP"},"content":{"rendered":"\t\t<div data-elementor-type=\"wp-page\" data-elementor-id=\"368\" class=\"elementor elementor-368\" data-elementor-post-type=\"page\">\n\t\t\t\t\t\t<header class=\"elementor-section elementor-top-section elementor-element elementor-element-2a8ed2c0 elementor-section-height-min-height elementor-section-boxed elementor-section-height-default elementor-section-items-middle\" data-id=\"2a8ed2c0\" data-element_type=\"section\" data-e-type=\"section\" data-settings=\"{&quot;background_background&quot;:&quot;classic&quot;}\">\n\t\t\t\t\t\t\t<div class=\"elementor-background-overlay\"><\/div>\n\t\t\t\t\t\t\t<div class=\"elementor-container elementor-column-gap-default\">\n\t\t\t\t\t<div class=\"elementor-column elementor-col-50 elementor-top-column elementor-element elementor-element-3ebb53c\" data-id=\"3ebb53c\" data-element_type=\"column\" data-e-type=\"column\">\n\t\t\t<div class=\"elementor-widget-wrap elementor-element-populated\">\n\t\t\t\t\t\t<div class=\"elementor-element elementor-element-3d86e621 elementor-invisible elementor-widget elementor-widget-text-editor\" data-id=\"3d86e621\" data-element_type=\"widget\" data-e-type=\"widget\" data-settings=\"{&quot;_animation&quot;:&quot;fadeIn&quot;}\" data-widget_type=\"text-editor.default\">\n\t\t\t\t<div class=\"elementor-widget-container\">\n\t\t\t\t\t\t\t\t\t<h4>Karcher ma\u0161ina za pranje hladnom vodom pod visokim pritiskom<\/h4>\t\t\t\t\t\t\t\t<\/div>\n\t\t\t\t<\/div>\n\t\t\t\t<div class=\"elementor-element elementor-element-475edd66 elementor-invisible elementor-widget elementor-widget-heading\" data-id=\"475edd66\" data-element_type=\"widget\" data-e-type=\"widget\" data-settings=\"{&quot;_animation&quot;:&quot;fadeInUp&quot;}\" data-widget_type=\"heading.default\">\n\t\t\t\t<div class=\"elementor-widget-container\">\n\t\t\t\t\t<h1 class=\"elementor-heading-title elementor-size-default\">PRANJE POD VISOKIM PRITISKOM<\/h1>\t\t\t\t<\/div>\n\t\t\t\t<\/div>\n\t\t\t\t\t<\/div>\n\t\t<\/div>\n\t\t\t\t<div class=\"elementor-column elementor-col-50 elementor-top-column elementor-element elementor-element-1ebaa66c\" data-id=\"1ebaa66c\" data-element_type=\"column\" data-e-type=\"column\">\n\t\t\t<div class=\"elementor-widget-wrap\">\n\t\t\t\t\t\t\t<\/div>\n\t\t<\/div>\n\t\t\t\t\t<\/div>\n\t\t<\/header>\n\t\t\t\t<section class=\"elementor-section elementor-top-section elementor-element elementor-element-6e9c101 elementor-section-boxed elementor-section-height-default elementor-section-height-default\" data-id=\"6e9c101\" data-element_type=\"section\" data-e-type=\"section\">\n\t\t\t\t\t\t<div class=\"elementor-container elementor-column-gap-default\">\n\t\t\t\t\t<div class=\"elementor-column elementor-col-100 elementor-top-column elementor-element elementor-element-8499d0d\" data-id=\"8499d0d\" data-element_type=\"column\" data-e-type=\"column\">\n\t\t\t<div class=\"elementor-widget-wrap\">\n\t\t\t\t\t\t\t<\/div>\n\t\t<\/div>\n\t\t\t\t\t<\/div>\n\t\t<\/section>\n\t\t\t\t<section class=\"elementor-section elementor-top-section elementor-element elementor-element-5ba9c825 elementor-section-full_width elementor-section-height-default elementor-section-height-default\" data-id=\"5ba9c825\" data-element_type=\"section\" data-e-type=\"section\" data-settings=\"{&quot;background_background&quot;:&quot;classic&quot;}\">\n\t\t\t\t\t\t<div class=\"elementor-container elementor-column-gap-default\">\n\t\t\t\t\t<div class=\"elementor-column elementor-col-100 elementor-top-column elementor-element elementor-element-71252f17\" data-id=\"71252f17\" data-element_type=\"column\" data-e-type=\"column\">\n\t\t\t<div class=\"elementor-widget-wrap elementor-element-populated\">\n\t\t\t\t\t\t<section class=\"elementor-section elementor-inner-section elementor-element elementor-element-26c5da90 elementor-section-boxed elementor-section-height-default elementor-section-height-default\" data-id=\"26c5da90\" data-element_type=\"section\" data-e-type=\"section\">\n\t\t\t\t\t\t<div class=\"elementor-container elementor-column-gap-default\">\n\t\t\t\t\t<div class=\"elementor-column elementor-col-50 elementor-inner-column elementor-element elementor-element-30ebcadf\" data-id=\"30ebcadf\" data-element_type=\"column\" data-e-type=\"column\">\n\t\t\t<div class=\"elementor-widget-wrap elementor-element-populated\">\n\t\t\t\t\t\t<div class=\"elementor-element elementor-element-1d1bf263 elementor-widget elementor-widget-heading\" data-id=\"1d1bf263\" data-element_type=\"widget\" data-e-type=\"widget\" data-widget_type=\"heading.default\">\n\t\t\t\t<div class=\"elementor-widget-container\">\n\t\t\t\t\t<h3 class=\"elementor-heading-title elementor-size-default\">Pranje mo\u0107nim Karcherom pod visokim pritiskom<\/h3>\t\t\t\t<\/div>\n\t\t\t\t<\/div>\n\t\t\t\t<div class=\"elementor-element elementor-element-12e5022a elementor-widget-divider--view-line elementor-widget elementor-widget-divider\" data-id=\"12e5022a\" data-element_type=\"widget\" data-e-type=\"widget\" data-widget_type=\"divider.default\">\n\t\t\t\t<div class=\"elementor-widget-container\">\n\t\t\t\t\t\t\t<div class=\"elementor-divider\">\n\t\t\t<span class=\"elementor-divider-separator\">\n\t\t\t\t\t\t<\/span>\n\t\t<\/div>\n\t\t\t\t\t\t<\/div>\n\t\t\t\t<\/div>\n\t\t\t\t<div class=\"elementor-element elementor-element-765de3c9 elementor-widget elementor-widget-text-editor\" data-id=\"765de3c9\" data-element_type=\"widget\" data-e-type=\"widget\" data-widget_type=\"text-editor.default\">\n\t\t\t\t<div class=\"elementor-widget-container\">\n\t\t\t\t\t\t\t\t\t<p>Jednofazna, kompaktna i jaka: Karcher ma\u0161ina za pranje pod visokim pritiskom HD 6\/15-4 Classic sa protokom vode od 600 l\/h, sa sna\u017enom pumpom, kerami\u010dkim klipom i najnovijom tehnologijom zaptivanja.<\/p>\t\t\t\t\t\t\t\t<\/div>\n\t\t\t\t<\/div>\n\t\t\t\t<div class=\"elementor-element elementor-element-18e696a9 elementor-widget elementor-widget-image\" data-id=\"18e696a9\" data-element_type=\"widget\" data-e-type=\"widget\" data-widget_type=\"image.default\">\n\t\t\t\t<div class=\"elementor-widget-container\">\n\t\t\t\t\t\t\t\t\t\t\t\t\t\t\t<img fetchpriority=\"high\" decoding=\"async\" width=\"768\" height=\"768\" src=\"https:\/\/ciscenjezgrade.com\/wp-content\/uploads\/2024\/03\/Karcher-profesionalna-masina-za-pranje-hladnom-vodom-HD-6-15-4-Classic-Karcher.-768x768-1.jpg\" class=\"attachment-large size-large wp-image-373\" alt=\"\" srcset=\"https:\/\/ciscenjezgrade.com\/wp-content\/uploads\/2024\/03\/Karcher-profesionalna-masina-za-pranje-hladnom-vodom-HD-6-15-4-Classic-Karcher.-768x768-1.jpg 768w, https:\/\/ciscenjezgrade.com\/wp-content\/uploads\/2024\/03\/Karcher-profesionalna-masina-za-pranje-hladnom-vodom-HD-6-15-4-Classic-Karcher.-768x768-1-300x300.jpg 300w, https:\/\/ciscenjezgrade.com\/wp-content\/uploads\/2024\/03\/Karcher-profesionalna-masina-za-pranje-hladnom-vodom-HD-6-15-4-Classic-Karcher.-768x768-1-150x150.jpg 150w\" sizes=\"(max-width: 768px) 100vw, 768px\" \/>\t\t\t\t\t\t\t\t\t\t\t\t\t\t\t<\/div>\n\t\t\t\t<\/div>\n\t\t\t\t\t<\/div>\n\t\t<\/div>\n\t\t\t\t<div class=\"elementor-column elementor-col-50 elementor-inner-column elementor-element elementor-element-162e358a\" data-id=\"162e358a\" data-element_type=\"column\" data-e-type=\"column\">\n\t\t\t<div class=\"elementor-widget-wrap elementor-element-populated\">\n\t\t\t\t\t\t<div class=\"elementor-element elementor-element-f1971fd elementor-widget elementor-widget-text-editor\" data-id=\"f1971fd\" data-element_type=\"widget\" data-e-type=\"widget\" data-widget_type=\"text-editor.default\">\n\t\t\t\t<div class=\"elementor-widget-container\">\n\t\t\t\t\t\t\t\t\t<p><strong>Profesionalno Pranje Pod Visokim Pritiskom<\/strong><\/p><p>Dobrodo\u0161li u svet vrhunskog \u010di\u0161\u0107enja sa &#8220;\u010ci\u0161\u0107enje Zgrade&#8221;! Uz ponos predstavljamo na\u0161u najnoviju investiciju &#8211; Karcher ma\u0161inu za pranje pod visokim pritiskom HD 6\/15-4 Classic, koja postavlja nove standarde u efikasnosti i kvalitetu \u010di\u0161\u0107enja.<\/p><p><strong>Tri Faze Perfektnog \u010ci\u0161\u0107enja<\/strong><\/p><p>Na\u0161 pristup \u010di\u0161\u0107enju pod visokim pritiskom sastoji se od tri klju\u010dne faze:<\/p><ol><li><strong>Prelazak Povr\u0161ina sa Mlazom Vode:<\/strong> Ova po\u010detna faza je klju\u010dna za blago otpu\u0161tanje prljav\u0161tina i stvaranje idealnih uslova za bolje prijanjanje hemijskih sredstava.<\/li><li><strong>Nano\u0161enje Profesionalnih Hemijskih Sredstava:<\/strong> Koristimo najkvalitetnija hemijska sredstva kako bismo postigli vrhunske rezultate u uklanjanju fleka i tvrdokornih prljav\u0161tina.<\/li><li><strong>Pranje Pod Visokim Pritiskom:<\/strong> Sa na\u0161om mo\u0107nom Karcher ma\u0161inom, garantujemo temeljno \u010di\u0161\u0107enje koje ostavlja povr\u0161ine sjajno \u010distim i bez tragova.<\/li><\/ol><p><strong>Pristupa\u010dna Re\u0161enja za Svaki Ugao<\/strong><\/p><p>Na\u0161a ma\u0161ina dolazi sa kompletnim nastavcima koji omogu\u0107avaju \u010di\u0161\u0107enje i najnepristupa\u010dnijih mesta. Bez obzira na to da li su u pitanju \u0107o\u0161kovi, tereni ili industrijska postrojenja, mi garantujemo temeljno \u010di\u0161\u0107enje koje \u0107e zadovoljiti i najzahtevnije potrebe.<\/p><p><strong>Fokusirani na Va\u0161e Prostorije<\/strong><\/p><p>Na\u0161 fokus je na \u010di\u0161\u0107enju hala, podova, gara\u017ea, podruma, industrijskih postrojenja i svih drugih prostorija gde je potrebno profesionalno i efikasno \u010di\u0161\u0107enje. Bez obzira na veli\u010dinu prostora, mi garantujemo vrhunski rezultat.<\/p><p><strong>Poverenje i Kvalitet<\/strong><\/p><p>Sa nama dobijate ne samo vrhunsku uslugu, ve\u0107 i poverenje da \u0107e va\u0161e prostorije biti temeljno o\u010di\u0161\u0107ene uz najnoviju tehnologiju i stru\u010dnost na\u0161eg tima.<\/p><p><strong>Kontaktirajte Nas<\/strong><\/p><p>Ukoliko \u017eelite vrhunsko \u010di\u0161\u0107enje pod visokim pritiskom koje \u0107e transformisati va\u0161e prostorije, kontaktirajte nas danas. &#8220;\u010ci\u0161\u0107enje Zgrade&#8221; je va\u0161 partner za \u010disto\u0107u bez kompromisa!<\/p>\t\t\t\t\t\t\t\t<\/div>\n\t\t\t\t<\/div>\n\t\t\t\t\t<\/div>\n\t\t<\/div>\n\t\t\t\t\t<\/div>\n\t\t<\/section>\n\t\t\t\t\t<\/div>\n\t\t<\/div>\n\t\t\t\t\t<\/div>\n\t\t<\/section>\n\t\t\t\t<section class=\"elementor-section elementor-top-section elementor-element elementor-element-1bc664d1 elementor-section-full_width elementor-section-height-default elementor-section-height-default\" data-id=\"1bc664d1\" data-element_type=\"section\" data-e-type=\"section\" data-settings=\"{&quot;background_background&quot;:&quot;classic&quot;}\">\n\t\t\t\t\t\t<div class=\"elementor-container elementor-column-gap-default\">\n\t\t\t\t\t<div class=\"elementor-column elementor-col-100 elementor-top-column elementor-element elementor-element-297e2736\" data-id=\"297e2736\" data-element_type=\"column\" data-e-type=\"column\">\n\t\t\t<div class=\"elementor-widget-wrap\">\n\t\t\t\t\t\t\t<\/div>\n\t\t<\/div>\n\t\t\t\t\t<\/div>\n\t\t<\/section>\n\t\t\t\t<section class=\"elementor-section elementor-top-section elementor-element elementor-element-5d6ac364 elementor-section-full_width elementor-section-height-default elementor-section-height-default\" data-id=\"5d6ac364\" data-element_type=\"section\" data-e-type=\"section\" data-settings=\"{&quot;background_background&quot;:&quot;classic&quot;}\">\n\t\t\t\t\t\t<div class=\"elementor-container elementor-column-gap-default\">\n\t\t\t\t\t<div class=\"elementor-column elementor-col-100 elementor-top-column elementor-element elementor-element-353bf54d\" data-id=\"353bf54d\" data-element_type=\"column\" data-e-type=\"column\">\n\t\t\t<div class=\"elementor-widget-wrap elementor-element-populated\">\n\t\t\t\t\t\t<div class=\"elementor-element elementor-element-704a99a1 elementor-widget elementor-widget-heading\" data-id=\"704a99a1\" data-element_type=\"widget\" data-e-type=\"widget\" data-widget_type=\"heading.default\">\n\t\t\t\t<div class=\"elementor-widget-container\">\n\t\t\t\t\t<h2 class=\"elementor-heading-title elementor-size-default\">Vi\u0161e o samom ure\u0111aju<\/h2>\t\t\t\t<\/div>\n\t\t\t\t<\/div>\n\t\t\t\t<section class=\"elementor-section elementor-inner-section elementor-element elementor-element-19dd0574 elementor-section-boxed elementor-section-height-default elementor-section-height-default\" data-id=\"19dd0574\" data-element_type=\"section\" data-e-type=\"section\">\n\t\t\t\t\t\t<div class=\"elementor-container elementor-column-gap-default\">\n\t\t\t\t\t<div class=\"elementor-column elementor-col-33 elementor-inner-column elementor-element elementor-element-3c78d826\" data-id=\"3c78d826\" data-element_type=\"column\" data-e-type=\"column\">\n\t\t\t<div class=\"elementor-widget-wrap elementor-element-populated\">\n\t\t\t\t\t\t<div class=\"elementor-element elementor-element-7cf24554 elementor-widget elementor-widget-image\" data-id=\"7cf24554\" data-element_type=\"widget\" data-e-type=\"widget\" data-widget_type=\"image.default\">\n\t\t\t\t<div class=\"elementor-widget-container\">\n\t\t\t\t\t\t\t\t\t\t\t\t\t\t\t<img decoding=\"async\" width=\"768\" height=\"768\" src=\"https:\/\/ciscenjezgrade.com\/wp-content\/uploads\/2024\/03\/karcher-masina-hd-9-20-4-m-classic-1-1-768x768.jpg\" class=\"attachment-medium_large size-medium_large wp-image-382\" alt=\"\" srcset=\"https:\/\/ciscenjezgrade.com\/wp-content\/uploads\/2024\/03\/karcher-masina-hd-9-20-4-m-classic-1-1-768x768.jpg 768w, https:\/\/ciscenjezgrade.com\/wp-content\/uploads\/2024\/03\/karcher-masina-hd-9-20-4-m-classic-1-1-300x300.jpg 300w, https:\/\/ciscenjezgrade.com\/wp-content\/uploads\/2024\/03\/karcher-masina-hd-9-20-4-m-classic-1-1-1024x1024.jpg 1024w, https:\/\/ciscenjezgrade.com\/wp-content\/uploads\/2024\/03\/karcher-masina-hd-9-20-4-m-classic-1-1-150x150.jpg 150w, https:\/\/ciscenjezgrade.com\/wp-content\/uploads\/2024\/03\/karcher-masina-hd-9-20-4-m-classic-1-1.jpg 1134w\" sizes=\"(max-width: 768px) 100vw, 768px\" \/>\t\t\t\t\t\t\t\t\t\t\t\t\t\t\t<\/div>\n\t\t\t\t<\/div>\n\t\t\t\t<div class=\"elementor-element elementor-element-4c9bfe1 elementor-widget elementor-widget-icon-box\" data-id=\"4c9bfe1\" data-element_type=\"widget\" data-e-type=\"widget\" data-widget_type=\"icon-box.default\">\n\t\t\t\t<div class=\"elementor-widget-container\">\n\t\t\t\t\t\t\t<div class=\"elementor-icon-box-wrapper\">\n\n\t\t\t\n\t\t\t\t\t\t<div class=\"elementor-icon-box-content\">\n\n\t\t\t\t\n\t\t\t\t\t\t\t\t\t<p class=\"elementor-icon-box-description\">\n\t\t\t\t\t\tKarcher mlaznice sa ravnim mlazom: do 40% ve\u0107a sila udara u odnosu na klasi\u010dne mlaznice. \t\t\t\t\t<\/p>\n\t\t\t\t\n\t\t\t<\/div>\n\t\t\t\n\t\t<\/div>\n\t\t\t\t\t\t<\/div>\n\t\t\t\t<\/div>\n\t\t\t\t\t<\/div>\n\t\t<\/div>\n\t\t\t\t<div class=\"elementor-column elementor-col-33 elementor-inner-column elementor-element elementor-element-2bf2345e\" data-id=\"2bf2345e\" data-element_type=\"column\" data-e-type=\"column\">\n\t\t\t<div class=\"elementor-widget-wrap elementor-element-populated\">\n\t\t\t\t\t\t<div class=\"elementor-element elementor-element-65e9c86c elementor-widget elementor-widget-image\" data-id=\"65e9c86c\" data-element_type=\"widget\" data-e-type=\"widget\" data-widget_type=\"image.default\">\n\t\t\t\t<div class=\"elementor-widget-container\">\n\t\t\t\t\t\t\t\t\t\t\t\t\t\t\t<img decoding=\"async\" width=\"502\" height=\"502\" src=\"https:\/\/ciscenjezgrade.com\/wp-content\/uploads\/2024\/03\/karcher-masina-hd-9-20-4-m-classic.jpg\" class=\"attachment-medium_large size-medium_large wp-image-380\" alt=\"\" srcset=\"https:\/\/ciscenjezgrade.com\/wp-content\/uploads\/2024\/03\/karcher-masina-hd-9-20-4-m-classic.jpg 502w, https:\/\/ciscenjezgrade.com\/wp-content\/uploads\/2024\/03\/karcher-masina-hd-9-20-4-m-classic-300x300.jpg 300w, https:\/\/ciscenjezgrade.com\/wp-content\/uploads\/2024\/03\/karcher-masina-hd-9-20-4-m-classic-150x150.jpg 150w\" sizes=\"(max-width: 502px) 100vw, 502px\" \/>\t\t\t\t\t\t\t\t\t\t\t\t\t\t\t<\/div>\n\t\t\t\t<\/div>\n\t\t\t\t<div class=\"elementor-element elementor-element-c636192 elementor-widget elementor-widget-icon-box\" data-id=\"c636192\" data-element_type=\"widget\" data-e-type=\"widget\" data-widget_type=\"icon-box.default\">\n\t\t\t\t<div class=\"elementor-widget-container\">\n\t\t\t\t\t\t\t<div class=\"elementor-icon-box-wrapper\">\n\n\t\t\t\n\t\t\t\t\t\t<div class=\"elementor-icon-box-content\">\n\n\t\t\t\t\n\t\t\t\t\t\t\t\t\t<p class=\"elementor-icon-box-description\">\n\t\t\t\t\t\tPoklopac ma\u0161ine za \u0161iroko otvaranje za lak pristup svim kompenentama Karcher ma\u0161ine koje se odnose na odr\u017eavanje. Veliki fini filter za vodu za optimalnu za\u0161titu pumpe. Integrisano skladi\u0161tenje mlaznica. \t\t\t\t\t<\/p>\n\t\t\t\t\n\t\t\t<\/div>\n\t\t\t\n\t\t<\/div>\n\t\t\t\t\t\t<\/div>\n\t\t\t\t<\/div>\n\t\t\t\t\t<\/div>\n\t\t<\/div>\n\t\t\t\t<div class=\"elementor-column elementor-col-33 elementor-inner-column elementor-element elementor-element-4749781c\" data-id=\"4749781c\" data-element_type=\"column\" data-e-type=\"column\">\n\t\t\t<div class=\"elementor-widget-wrap elementor-element-populated\">\n\t\t\t\t\t\t<div class=\"elementor-element elementor-element-51c389c4 elementor-widget elementor-widget-image\" data-id=\"51c389c4\" data-element_type=\"widget\" data-e-type=\"widget\" data-widget_type=\"image.default\">\n\t\t\t\t<div class=\"elementor-widget-container\">\n\t\t\t\t\t\t\t\t\t\t\t\t\t\t\t<img loading=\"lazy\" decoding=\"async\" width=\"502\" height=\"502\" src=\"https:\/\/ciscenjezgrade.com\/wp-content\/uploads\/2024\/03\/karcher-masina-hd-9-20-4-m-classic-1.jpg\" class=\"attachment-medium_large size-medium_large wp-image-381\" alt=\"\" srcset=\"https:\/\/ciscenjezgrade.com\/wp-content\/uploads\/2024\/03\/karcher-masina-hd-9-20-4-m-classic-1.jpg 502w, https:\/\/ciscenjezgrade.com\/wp-content\/uploads\/2024\/03\/karcher-masina-hd-9-20-4-m-classic-1-300x300.jpg 300w, https:\/\/ciscenjezgrade.com\/wp-content\/uploads\/2024\/03\/karcher-masina-hd-9-20-4-m-classic-1-150x150.jpg 150w\" sizes=\"(max-width: 502px) 100vw, 502px\" \/>\t\t\t\t\t\t\t\t\t\t\t\t\t\t\t<\/div>\n\t\t\t\t<\/div>\n\t\t\t\t<div class=\"elementor-element elementor-element-71b3cf4d elementor-widget elementor-widget-icon-box\" data-id=\"71b3cf4d\" data-element_type=\"widget\" data-e-type=\"widget\" data-widget_type=\"icon-box.default\">\n\t\t\t\t<div class=\"elementor-widget-container\">\n\t\t\t\t\t\t\t<div class=\"elementor-icon-box-wrapper\">\n\n\t\t\t\n\t\t\t\t\t\t<div class=\"elementor-icon-box-content\">\n\n\t\t\t\t\n\t\t\t\t\t\t\t\t\t<p class=\"elementor-icon-box-description\">\n\t\t\t\t\t\tKlipnja\u010de sa kugli\u010dnim le\u017eajevima. Kerami\u010dki klipovi za smanjeno habanje. Visoke perfomanse na du\u017ee staze.\t\t\t\t\t<\/p>\n\t\t\t\t\n\t\t\t<\/div>\n\t\t\t\n\t\t<\/div>\n\t\t\t\t\t\t<\/div>\n\t\t\t\t<\/div>\n\t\t\t\t\t<\/div>\n\t\t<\/div>\n\t\t\t\t\t<\/div>\n\t\t<\/section>\n\t\t\t\t\t<\/div>\n\t\t<\/div>\n\t\t\t\t\t<\/div>\n\t\t<\/section>\n\t\t\t\t<section class=\"elementor-section elementor-top-section elementor-element elementor-element-3b66f88e elementor-section-content-top elementor-section-full_width elementor-section-height-default elementor-section-height-default\" data-id=\"3b66f88e\" data-element_type=\"section\" data-e-type=\"section\" data-settings=\"{&quot;background_background&quot;:&quot;classic&quot;}\">\n\t\t\t\t\t\t<div class=\"elementor-container elementor-column-gap-no\">\n\t\t\t\t\t<div class=\"elementor-column elementor-col-100 elementor-top-column elementor-element elementor-element-450b833d\" data-id=\"450b833d\" data-element_type=\"column\" data-e-type=\"column\">\n\t\t\t<div class=\"elementor-widget-wrap elementor-element-populated\">\n\t\t\t\t\t\t<section class=\"elementor-section elementor-inner-section elementor-element elementor-element-684637e3 elementor-section-boxed elementor-section-height-default elementor-section-height-default\" data-id=\"684637e3\" data-element_type=\"section\" data-e-type=\"section\">\n\t\t\t\t\t\t<div class=\"elementor-container elementor-column-gap-default\">\n\t\t\t\t\t<div class=\"elementor-column elementor-col-50 elementor-inner-column elementor-element elementor-element-2037b64\" data-id=\"2037b64\" data-element_type=\"column\" data-e-type=\"column\">\n\t\t\t<div class=\"elementor-widget-wrap elementor-element-populated\">\n\t\t\t\t\t\t<div class=\"elementor-element elementor-element-4d5a1412 elementor-widget elementor-widget-image\" data-id=\"4d5a1412\" data-element_type=\"widget\" data-e-type=\"widget\" data-widget_type=\"image.default\">\n\t\t\t\t<div class=\"elementor-widget-container\">\n\t\t\t\t\t\t\t\t\t\t\t\t\t\t\t<img loading=\"lazy\" decoding=\"async\" width=\"1200\" height=\"1600\" src=\"https:\/\/ciscenjezgrade.com\/wp-content\/uploads\/2024\/03\/viber_image_2024-03-27_07-55-01-711.jpg\" class=\"attachment-2048x2048 size-2048x2048 wp-image-377\" alt=\"\" srcset=\"https:\/\/ciscenjezgrade.com\/wp-content\/uploads\/2024\/03\/viber_image_2024-03-27_07-55-01-711.jpg 1200w, https:\/\/ciscenjezgrade.com\/wp-content\/uploads\/2024\/03\/viber_image_2024-03-27_07-55-01-711-225x300.jpg 225w, https:\/\/ciscenjezgrade.com\/wp-content\/uploads\/2024\/03\/viber_image_2024-03-27_07-55-01-711-768x1024.jpg 768w, https:\/\/ciscenjezgrade.com\/wp-content\/uploads\/2024\/03\/viber_image_2024-03-27_07-55-01-711-1152x1536.jpg 1152w\" sizes=\"(max-width: 1200px) 100vw, 1200px\" \/>\t\t\t\t\t\t\t\t\t\t\t\t\t\t\t<\/div>\n\t\t\t\t<\/div>\n\t\t\t\t\t<\/div>\n\t\t<\/div>\n\t\t\t\t<div class=\"elementor-column elementor-col-50 elementor-inner-column elementor-element elementor-element-3e69575f\" data-id=\"3e69575f\" data-element_type=\"column\" data-e-type=\"column\">\n\t\t\t<div class=\"elementor-widget-wrap elementor-element-populated\">\n\t\t\t\t\t\t<div class=\"elementor-element elementor-element-943b499 elementor-widget elementor-widget-image\" data-id=\"943b499\" data-element_type=\"widget\" data-e-type=\"widget\" data-widget_type=\"image.default\">\n\t\t\t\t<div class=\"elementor-widget-container\">\n\t\t\t\t\t\t\t\t\t\t\t\t\t\t\t<img loading=\"lazy\" decoding=\"async\" width=\"768\" height=\"1024\" src=\"https:\/\/ciscenjezgrade.com\/wp-content\/uploads\/2024\/03\/viber_image_2024-03-27_07-55-01-329-768x1024.jpg\" class=\"attachment-large size-large wp-image-379\" alt=\"\" srcset=\"https:\/\/ciscenjezgrade.com\/wp-content\/uploads\/2024\/03\/viber_image_2024-03-27_07-55-01-329-768x1024.jpg 768w, https:\/\/ciscenjezgrade.com\/wp-content\/uploads\/2024\/03\/viber_image_2024-03-27_07-55-01-329-225x300.jpg 225w, https:\/\/ciscenjezgrade.com\/wp-content\/uploads\/2024\/03\/viber_image_2024-03-27_07-55-01-329-1152x1536.jpg 1152w, https:\/\/ciscenjezgrade.com\/wp-content\/uploads\/2024\/03\/viber_image_2024-03-27_07-55-01-329.jpg 1200w\" sizes=\"(max-width: 768px) 100vw, 768px\" \/>\t\t\t\t\t\t\t\t\t\t\t\t\t\t\t<\/div>\n\t\t\t\t<\/div>\n\t\t\t\t\t<\/div>\n\t\t<\/div>\n\t\t\t\t\t<\/div>\n\t\t<\/section>\n\t\t\t\t\t<\/div>\n\t\t<\/div>\n\t\t\t\t\t<\/div>\n\t\t<\/section>\n\t\t\t\t<\/div>\n\t\t","protected":false},"excerpt":{"rendered":"<p>Karcher ma\u0161ina za pranje hladnom vodom pod visokim pritiskom PRANJE POD VISOKIM PRITISKOM Pranje mo\u0107nim Karcherom pod visokim pritiskom Jednofazna, kompaktna i jaka: Karcher ma\u0161ina za pranje pod visokim pritiskom HD 6\/15-4 Classic sa protokom vode od 600 l\/h, sa sna\u017enom pumpom, kerami\u010dkim klipom i najnovijom tehnologijom zaptivanja. Profesionalno Pranje Pod Visokim Pritiskom Dobrodo\u0161li u [&hellip;]<\/p>\n","protected":false},"author":1,"featured_media":0,"parent":0,"menu_order":0,"comment_status":"closed","ping_status":"open","template":"elementor_header_footer","meta":{"footnotes":""},"class_list":["post-368","page","type-page","status-publish","hentry"],"_links":{"self":[{"href":"https:\/\/ciscenjezgrade.com\/index.php\/wp-json\/wp\/v2\/pages\/368","targetHints":{"allow":["GET"]}}],"collection":[{"href":"https:\/\/ciscenjezgrade.com\/index.php\/wp-json\/wp\/v2\/pages"}],"about":[{"href":"https:\/\/ciscenjezgrade.com\/index.php\/wp-json\/wp\/v2\/types\/page"}],"author":[{"embeddable":true,"href":"https:\/\/ciscenjezgrade.com\/index.php\/wp-json\/wp\/v2\/users\/1"}],"replies":[{"embeddable":true,"href":"https:\/\/ciscenjezgrade.com\/index.php\/wp-json\/wp\/v2\/comments?post=368"}],"version-history":[{"count":14,"href":"https:\/\/ciscenjezgrade.com\/index.php\/wp-json\/wp\/v2\/pages\/368\/revisions"}],"predecessor-version":[{"id":405,"href":"https:\/\/ciscenjezgrade.com\/index.php\/wp-json\/wp\/v2\/pages\/368\/revisions\/405"}],"wp:attachment":[{"href":"https:\/\/ciscenjezgrade.com\/index.php\/wp-json\/wp\/v2\/media?parent=368"}],"curies":[{"name":"wp","href":"https:\/\/api.w.org\/{rel}","templated":true}]}}