{"id":282,"date":"2022-12-09T13:33:01","date_gmt":"2022-12-09T13:33:01","guid":{"rendered":"https:\/\/ciscenje.avi.rs\/?page_id=282"},"modified":"2022-12-09T13:33:56","modified_gmt":"2022-12-09T13:33:56","slug":"ciscenje-lokala","status":"publish","type":"page","link":"https:\/\/ciscenjezgrade.com\/index.php\/ciscenje-lokala\/","title":{"rendered":"\u010ci\u0161\u0107enje lokala"},"content":{"rendered":"\t\t<div data-elementor-type=\"wp-page\" data-elementor-id=\"282\" class=\"elementor elementor-282\" data-elementor-post-type=\"page\">\n\t\t\t\t\t\t<section class=\"elementor-section elementor-top-section elementor-element elementor-element-441f2c8b elementor-section-height-min-height elementor-section-boxed elementor-section-height-default elementor-section-items-middle\" data-id=\"441f2c8b\" data-element_type=\"section\" data-e-type=\"section\" data-settings=\"{&quot;background_background&quot;:&quot;classic&quot;}\">\n\t\t\t\t\t\t\t<div class=\"elementor-background-overlay\"><\/div>\n\t\t\t\t\t\t\t<div class=\"elementor-container elementor-column-gap-default\">\n\t\t\t\t\t<div class=\"elementor-column elementor-col-100 elementor-top-column elementor-element elementor-element-5c58f910\" data-id=\"5c58f910\" data-element_type=\"column\" data-e-type=\"column\">\n\t\t\t<div class=\"elementor-widget-wrap elementor-element-populated\">\n\t\t\t\t\t\t<div class=\"elementor-element elementor-element-3106e1d2 elementor-invisible elementor-widget elementor-widget-heading\" data-id=\"3106e1d2\" data-element_type=\"widget\" data-e-type=\"widget\" data-settings=\"{&quot;_animation&quot;:&quot;fadeInDown&quot;}\" data-widget_type=\"heading.default\">\n\t\t\t\t<div class=\"elementor-widget-container\">\n\t\t\t\t\t<h1 class=\"elementor-heading-title elementor-size-default\">\u010ci\u0161\u0107enje lokala<\/h1>\t\t\t\t<\/div>\n\t\t\t\t<\/div>\n\t\t\t\t\t<\/div>\n\t\t<\/div>\n\t\t\t\t\t<\/div>\n\t\t<\/section>\n\t\t\t\t<section class=\"elementor-section elementor-top-section elementor-element elementor-element-63e8cd2a elementor-section-full_width elementor-section-height-default elementor-section-height-default\" data-id=\"63e8cd2a\" data-element_type=\"section\" data-e-type=\"section\" data-settings=\"{&quot;background_background&quot;:&quot;classic&quot;}\">\n\t\t\t\t\t\t<div class=\"elementor-container elementor-column-gap-default\">\n\t\t\t\t\t<div class=\"elementor-column elementor-col-100 elementor-top-column elementor-element elementor-element-126c2f06\" data-id=\"126c2f06\" data-element_type=\"column\" data-e-type=\"column\">\n\t\t\t<div class=\"elementor-widget-wrap elementor-element-populated\">\n\t\t\t\t\t\t<section class=\"elementor-section elementor-inner-section elementor-element elementor-element-27085cc9 elementor-reverse-mobile elementor-section-boxed elementor-section-height-default elementor-section-height-default\" data-id=\"27085cc9\" data-element_type=\"section\" data-e-type=\"section\">\n\t\t\t\t\t\t<div class=\"elementor-container elementor-column-gap-default\">\n\t\t\t\t\t<div class=\"elementor-column elementor-col-100 elementor-inner-column elementor-element elementor-element-3664dbb2\" data-id=\"3664dbb2\" data-element_type=\"column\" data-e-type=\"column\">\n\t\t\t<div class=\"elementor-widget-wrap elementor-element-populated\">\n\t\t\t\t\t\t<div class=\"elementor-element elementor-element-3205a45c elementor-widget-divider--view-line elementor-widget elementor-widget-divider\" data-id=\"3205a45c\" data-element_type=\"widget\" data-e-type=\"widget\" data-widget_type=\"divider.default\">\n\t\t\t\t<div class=\"elementor-widget-container\">\n\t\t\t\t\t\t\t<div class=\"elementor-divider\">\n\t\t\t<span class=\"elementor-divider-separator\">\n\t\t\t\t\t\t<\/span>\n\t\t<\/div>\n\t\t\t\t\t\t<\/div>\n\t\t\t\t<\/div>\n\t\t\t\t<div class=\"elementor-element elementor-element-3379c571 elementor-widget elementor-widget-text-editor\" data-id=\"3379c571\" data-element_type=\"widget\" data-e-type=\"widget\" data-widget_type=\"text-editor.default\">\n\t\t\t\t<div class=\"elementor-widget-container\">\n\t\t\t\t\t\t\t\t\t<p><img fetchpriority=\"high\" decoding=\"async\" class=\"size-full wp-image-8544 alignright entered lazyloaded\" title=\"\u010ci\u0161\u0107enje lokala\" src=\"https:\/\/ciscenjezgrade.com\/wp-content\/uploads\/2021\/11\/ciscenje-lokala.jpg\" sizes=\"(max-width: 550px) 100vw, 550px\" srcset=\"https:\/\/ciscenjezgrade.com\/wp-content\/uploads\/2021\/11\/ciscenje-lokala.jpg 550w, https:\/\/ciscenjezgrade.com\/wp-content\/uploads\/2021\/11\/ciscenje-lokala-300x200.jpg 300w\" alt=\"\u010ci\u0161\u0107enje lokala\" width=\"550\" height=\"367\" data-lazy-srcset=\"https:\/\/ciscenjezgrade.com\/wp-content\/uploads\/2021\/11\/ciscenje-lokala.jpg 550w, https:\/\/ciscenjezgrade.com\/wp-content\/uploads\/2021\/11\/ciscenje-lokala-300x200.jpg 300w\" data-lazy-sizes=\"(max-width: 550px) 100vw, 550px\" data-lazy-src=\"https:\/\/ciscenjezgrade.com\/wp-content\/uploads\/2021\/11\/ciscenje-lokala.jpg\" data-ll-status=\"loaded\" \/>Nudimo Vam sve pogodnosti profesionalne i pouzdane usluge kada je u pitanju \u010di\u0161\u0107enje lokala u Beogradu. Bez obzira na to o kakvom lokalu je re\u010d, higijena uvek mora biti na najvi\u0161em nivou. S obzirom na to da su lokali mesta kroz koja svakodnevno pro\u0111e veliki broj ljudi, mora se voditi ra\u010duna o redovnoj \u010disto\u0107i i dezinfekciji. Prilikom obavljanja ovog posla, veoma je va\u017ean temeljan i detaljan pristup, \u0161to Vam mi i garantujemo. Obavljamo \u010di\u0161\u0107enje lokala u Beogradu po najpovoljnijim cenama. Mo\u017eete nas\u00a0<a href=\"https:\/\/ciscenjezgrade.com\/kontakt\/\">kontaktirati<\/a>\u00a0kako biste se dodatno informisali o svemu \u0161to Vas zanima, kao i o uslovima poslovanja.<\/p><p>Dobijate najbolji tretman \u010diji rezultati su odmah vidljivi.\u00a0<strong>Unosimo \u010disto\u0107u i sve\u017einu u Va\u0161 lokal<\/strong>, u dogovoru sa Vama odre\u0111ujemo termine za \u010di\u0161\u0107enje. Kako bismo Vam pru\u017eili pouzdanu uslugu, koristimo isklju\u010divo\u00a0<strong>ispitana sredstva za brisanje pra\u0161ine, staklenih povr\u0161ina, kao i stepeni\u0161ta, podova, drveta i svega onog \u0161to je neophodno o\u010distiti u prostoriji<\/strong>. Va\u017eno je da hemikalije koje se upotrebljavaju u ove svrhe, budu u skladu sa zdravstvenim propisima i da ne izazivaju nikakve reakcije. Tako\u0111e zasnivamo odnos na poverenju i ne zadiremo u privatne podatke koje mogu da se odnose na sam lokal. Sve \u0107ete zate\u0107i na svom mestu, ba\u0161 onako kako je i ostavljeno.<\/p><p>\u010ci\u0161\u0107enje lokala podrazumeva i\u00a0<strong>brisanje pau\u010dine, pra\u017enjenje kanti za otpad, uklanjanje svih ne\u010disto\u0107a sa brave, vrata, prozora<\/strong>. Tako\u0111e radimo i\u00a0<strong>dubinsko usisavanje, brisanje stolova, kompjutera<\/strong>\u00a0ukoliko se koriste u Va\u0161em lokalu, brisanje prekida\u010da, telefona i svega onoga \u0161to je u svakodnevnom kontaktu sa ljudima. Ukoliko imate odre\u0111ene zahteve na \u0161ta se posebno treba obratiti pa\u017enja, sve dogovaramo u samom startu. Tako\u0111e nas mo\u017eete anga\u017eovati i za\u00a0<a href=\"https:\/\/ciscenjezgrade.com\/ciscenje-zgrada\/\">\u010di\u0161\u0107enje zgrada<\/a>,\u00a0<a href=\"https:\/\/ciscenjezgrade.com\/ciscenje-garaza\/\">\u010di\u0161\u0107enje gara\u017ea<\/a>\u00a0i Va\u0161ih privatnih prostora. Na raspolaganju smo Vam za sva pitanja, Va\u0161e je samo da nas pozovete i dobi\u0107ete \u010dist lokal, \u0161to \u0107e sigurno upotpuniti celokupan utisak lepog i prijatnog mesta za rad.<\/p>\t\t\t\t\t\t\t\t<\/div>\n\t\t\t\t<\/div>\n\t\t\t\t\t<\/div>\n\t\t<\/div>\n\t\t\t\t\t<\/div>\n\t\t<\/section>\n\t\t\t\t\t<\/div>\n\t\t<\/div>\n\t\t\t\t\t<\/div>\n\t\t<\/section>\n\t\t\t\t<\/div>\n\t\t","protected":false},"excerpt":{"rendered":"<p>\u010ci\u0161\u0107enje lokala Nudimo Vam sve pogodnosti profesionalne i pouzdane usluge kada je u pitanju \u010di\u0161\u0107enje lokala u Beogradu. Bez obzira na to o kakvom lokalu je re\u010d, higijena uvek mora biti na najvi\u0161em nivou. S obzirom na to da su lokali mesta kroz koja svakodnevno pro\u0111e veliki broj ljudi, mora se voditi ra\u010duna o redovnoj [&hellip;]<\/p>\n","protected":false},"author":1,"featured_media":0,"parent":0,"menu_order":0,"comment_status":"closed","ping_status":"closed","template":"elementor_header_footer","meta":{"footnotes":""},"class_list":["post-282","page","type-page","status-publish","hentry"],"_links":{"self":[{"href":"https:\/\/ciscenjezgrade.com\/index.php\/wp-json\/wp\/v2\/pages\/282","targetHints":{"allow":["GET"]}}],"collection":[{"href":"https:\/\/ciscenjezgrade.com\/index.php\/wp-json\/wp\/v2\/pages"}],"about":[{"href":"https:\/\/ciscenjezgrade.com\/index.php\/wp-json\/wp\/v2\/types\/page"}],"author":[{"embeddable":true,"href":"https:\/\/ciscenjezgrade.com\/index.php\/wp-json\/wp\/v2\/users\/1"}],"replies":[{"embeddable":true,"href":"https:\/\/ciscenjezgrade.com\/index.php\/wp-json\/wp\/v2\/comments?post=282"}],"version-history":[{"count":4,"href":"https:\/\/ciscenjezgrade.com\/index.php\/wp-json\/wp\/v2\/pages\/282\/revisions"}],"predecessor-version":[{"id":286,"href":"https:\/\/ciscenjezgrade.com\/index.php\/wp-json\/wp\/v2\/pages\/282\/revisions\/286"}],"wp:attachment":[{"href":"https:\/\/ciscenjezgrade.com\/index.php\/wp-json\/wp\/v2\/media?parent=282"}],"curies":[{"name":"wp","href":"https:\/\/api.w.org\/{rel}","templated":true}]}}