{"id":262,"date":"2022-12-09T13:29:55","date_gmt":"2022-12-09T13:29:55","guid":{"rendered":"https:\/\/ciscenje.avi.rs\/?page_id=262"},"modified":"2022-12-09T13:30:40","modified_gmt":"2022-12-09T13:30:40","slug":"ciscenje-kancelarija","status":"publish","type":"page","link":"https:\/\/ciscenjezgrade.com\/index.php\/ciscenje-kancelarija\/","title":{"rendered":"\u010ci\u0161\u0107enje kancelarija"},"content":{"rendered":"\t\t<div data-elementor-type=\"wp-page\" data-elementor-id=\"262\" class=\"elementor elementor-262\" data-elementor-post-type=\"page\">\n\t\t\t\t\t\t<section class=\"elementor-section elementor-top-section elementor-element elementor-element-1f034947 elementor-section-height-min-height elementor-section-boxed elementor-section-height-default elementor-section-items-middle\" data-id=\"1f034947\" data-element_type=\"section\" data-e-type=\"section\" data-settings=\"{&quot;background_background&quot;:&quot;classic&quot;}\">\n\t\t\t\t\t\t\t<div class=\"elementor-background-overlay\"><\/div>\n\t\t\t\t\t\t\t<div class=\"elementor-container elementor-column-gap-default\">\n\t\t\t\t\t<div class=\"elementor-column elementor-col-100 elementor-top-column elementor-element elementor-element-5ee65185\" data-id=\"5ee65185\" data-element_type=\"column\" data-e-type=\"column\">\n\t\t\t<div class=\"elementor-widget-wrap elementor-element-populated\">\n\t\t\t\t\t\t<div class=\"elementor-element elementor-element-24356b78 elementor-invisible elementor-widget elementor-widget-heading\" data-id=\"24356b78\" data-element_type=\"widget\" data-e-type=\"widget\" data-settings=\"{&quot;_animation&quot;:&quot;fadeInDown&quot;}\" data-widget_type=\"heading.default\">\n\t\t\t\t<div class=\"elementor-widget-container\">\n\t\t\t\t\t<h1 class=\"elementor-heading-title elementor-size-default\">\u010ci\u0161\u0107enje kancelarija<\/h1>\t\t\t\t<\/div>\n\t\t\t\t<\/div>\n\t\t\t\t\t<\/div>\n\t\t<\/div>\n\t\t\t\t\t<\/div>\n\t\t<\/section>\n\t\t\t\t<section class=\"elementor-section elementor-top-section elementor-element elementor-element-457f40ae elementor-section-full_width elementor-section-height-default elementor-section-height-default\" data-id=\"457f40ae\" data-element_type=\"section\" data-e-type=\"section\" data-settings=\"{&quot;background_background&quot;:&quot;classic&quot;}\">\n\t\t\t\t\t\t<div class=\"elementor-container elementor-column-gap-default\">\n\t\t\t\t\t<div class=\"elementor-column elementor-col-100 elementor-top-column elementor-element elementor-element-32b2b52a\" data-id=\"32b2b52a\" data-element_type=\"column\" data-e-type=\"column\">\n\t\t\t<div class=\"elementor-widget-wrap elementor-element-populated\">\n\t\t\t\t\t\t<section class=\"elementor-section elementor-inner-section elementor-element elementor-element-f919bea elementor-reverse-mobile elementor-section-boxed elementor-section-height-default elementor-section-height-default\" data-id=\"f919bea\" data-element_type=\"section\" data-e-type=\"section\">\n\t\t\t\t\t\t<div class=\"elementor-container elementor-column-gap-default\">\n\t\t\t\t\t<div class=\"elementor-column elementor-col-100 elementor-inner-column elementor-element elementor-element-5849345\" data-id=\"5849345\" data-element_type=\"column\" data-e-type=\"column\">\n\t\t\t<div class=\"elementor-widget-wrap elementor-element-populated\">\n\t\t\t\t\t\t<div class=\"elementor-element elementor-element-1ed517cc elementor-widget-divider--view-line elementor-widget elementor-widget-divider\" data-id=\"1ed517cc\" data-element_type=\"widget\" data-e-type=\"widget\" data-widget_type=\"divider.default\">\n\t\t\t\t<div class=\"elementor-widget-container\">\n\t\t\t\t\t\t\t<div class=\"elementor-divider\">\n\t\t\t<span class=\"elementor-divider-separator\">\n\t\t\t\t\t\t<\/span>\n\t\t<\/div>\n\t\t\t\t\t\t<\/div>\n\t\t\t\t<\/div>\n\t\t\t\t<div class=\"elementor-element elementor-element-69f9b2f4 elementor-widget elementor-widget-text-editor\" data-id=\"69f9b2f4\" data-element_type=\"widget\" data-e-type=\"widget\" data-widget_type=\"text-editor.default\">\n\t\t\t\t<div class=\"elementor-widget-container\">\n\t\t\t\t\t\t\t\t\t<p><img fetchpriority=\"high\" decoding=\"async\" class=\"alignright size-full wp-image-9060 entered lazyloaded\" title=\"\u010ci\u0161\u0107enje kancelarija\" src=\"https:\/\/ciscenjezgrade.com\/wp-content\/uploads\/2022\/02\/Ciscenje-kancelarija-1.png\" sizes=\"(max-width: 550px) 100vw, 550px\" srcset=\"https:\/\/ciscenjezgrade.com\/wp-content\/uploads\/2022\/02\/Ciscenje-kancelarija-1.png 550w, https:\/\/ciscenjezgrade.com\/wp-content\/uploads\/2022\/02\/Ciscenje-kancelarija-1-300x167.png 300w\" alt=\"\u010ci\u0161\u0107enje kancelarija\" width=\"550\" height=\"307\" data-lazy-srcset=\"https:\/\/ciscenjezgrade.com\/wp-content\/uploads\/2022\/02\/Ciscenje-kancelarija-1.png 550w, https:\/\/ciscenjezgrade.com\/wp-content\/uploads\/2022\/02\/Ciscenje-kancelarija-1-300x167.png 300w\" data-lazy-sizes=\"(max-width: 550px) 100vw, 550px\" data-lazy-src=\"https:\/\/ciscenjezgrade.com\/wp-content\/uploads\/2022\/02\/Ciscenje-kancelarija-1.png\" data-ll-status=\"loaded\" \/>\u010cisto\u0107a poslovnog prostora vrlo \u010desto mo\u017ee da bude va\u017ean faktor kod prvog utiska samog prostora odnosno kancelarije. Bez obzira \u010dime se bavite, \u010dista kancelarija odaje utisak da vodite ra\u010duna o higijeni prostora i zbog toga je potrebno da se ona konstantno odr\u017eava. Ako ne mo\u017eete da se odlu\u010dite koja agencija je najbolja za taj posao, mi Vam nudimo uslugu na najvi\u0161em nivou kvaliteta. Va\u0161 prostor \u0107e dobiti da\u0161ak sve\u017eine u svakom trenutku i bi\u0107e prijatno mesto za rad, kako za Vas, tako i za Va\u0161e klijente. Dobijate profesionalnu i pouzdanu uslugu, pa \u0107e tako svaki predmet biti na svom mestu nakon \u0161to obavimo detaljno brisanje pra\u0161ine radnog stola, polica i svega onoga \u0161to se nalazi u samoj kancelariji.<\/p><p>Mi obavljamo \u010di\u0161\u0107enje kancelarija na celoj teritoriji Beograda. Ono \u0161to uklju\u010duje na\u0161u ponudu jeste detaljno brisanje drvenih i staklenih povr\u0161ina, \u0161to se odnosi i na prozore, kao i stakla na vratima. Dobijate detaljno\u00a0<strong>\u010di\u0161\u0107enje figurica, Va\u0161eg fiksnog telefona, ra\u010dunara i tastature<\/strong>.\u00a0<strong>Dezinfekcija brava i ostalih \u010desto dodirivanih povr\u0161ina, brisanje pau\u010dine, slika, lustera i plafonjerki<\/strong>. Tako\u0111e vr\u0161imo\u00a0<strong>usisavanje poda i njegovo ribanje<\/strong>. Kada je u pitanju ribanje i brisanje, koristimo dermatolo\u0161ki testirane hemikalije koje ne uti\u010du na izazivanje alergija ili neprijatnog ose\u0107aja tokom boravka u prostoriji i ni na koji na\u010din ne naru\u0161avaju Va\u0161e zdravlje.<\/p><p>U dogovoru sa Vama dolazimo na adresu i vr\u0161imo \u010di\u0161\u0107enje kancelarije u odgovaraju\u0107em terminu. Dostupni smo za sva Va\u0161a pitanja, te nas mo\u017eete\u00a0<a href=\"https:\/\/ciscenjezgrade.com\/kontakt\/\">kontaktirati<\/a>\u00a0u svakom trenutku ukoliko imate nekih nedoumica. Mi vr\u0161imo \u010di\u0161\u0107enje kancelarija,\u00a0<a href=\"https:\/\/ciscenjezgrade.com\/ciscenje-poslovnih-prostora\/\">\u010di\u0161\u0107enje poslovnih prostora<\/a>,\u00a0<a href=\"https:\/\/ciscenjezgrade.com\/ciscenje-lokala\/\">\u010di\u0161\u0107enje lokala<\/a>\u00a0kao i\u00a0<a href=\"https:\/\/ciscenjezgrade.com\/ciscenje-zgrada\/\">\u010di\u0161\u0107enje zgrada<\/a>. Tako\u0111e stojimo vam na raspolaganju za kompletnu dezinfekciju kancelarija i poslovnog prostora. Ukoliko niste imali prilike da sara\u0111ujete sa nama, ve\u0107 nakon jednog dolaska \u0107ete se uveriti u profesionalnu, brzu i efikasnu uslugu koju pru\u017eamo. Uva\u017eavamo poverenje od strane svih klijenata sa kojima smo do sada imali prilike da sara\u0111ujemo u svim gradskim op\u0161tinama.<\/p>\t\t\t\t\t\t\t\t<\/div>\n\t\t\t\t<\/div>\n\t\t\t\t\t<\/div>\n\t\t<\/div>\n\t\t\t\t\t<\/div>\n\t\t<\/section>\n\t\t\t\t\t<\/div>\n\t\t<\/div>\n\t\t\t\t\t<\/div>\n\t\t<\/section>\n\t\t\t\t<\/div>\n\t\t","protected":false},"excerpt":{"rendered":"<p>\u010ci\u0161\u0107enje kancelarija \u010cisto\u0107a poslovnog prostora vrlo \u010desto mo\u017ee da bude va\u017ean faktor kod prvog utiska samog prostora odnosno kancelarije. Bez obzira \u010dime se bavite, \u010dista kancelarija odaje utisak da vodite ra\u010duna o higijeni prostora i zbog toga je potrebno da se ona konstantno odr\u017eava. Ako ne mo\u017eete da se odlu\u010dite koja agencija je najbolja za [&hellip;]<\/p>\n","protected":false},"author":1,"featured_media":0,"parent":0,"menu_order":0,"comment_status":"closed","ping_status":"closed","template":"elementor_header_footer","meta":{"footnotes":""},"class_list":["post-262","page","type-page","status-publish","hentry"],"_links":{"self":[{"href":"https:\/\/ciscenjezgrade.com\/index.php\/wp-json\/wp\/v2\/pages\/262","targetHints":{"allow":["GET"]}}],"collection":[{"href":"https:\/\/ciscenjezgrade.com\/index.php\/wp-json\/wp\/v2\/pages"}],"about":[{"href":"https:\/\/ciscenjezgrade.com\/index.php\/wp-json\/wp\/v2\/types\/page"}],"author":[{"embeddable":true,"href":"https:\/\/ciscenjezgrade.com\/index.php\/wp-json\/wp\/v2\/users\/1"}],"replies":[{"embeddable":true,"href":"https:\/\/ciscenjezgrade.com\/index.php\/wp-json\/wp\/v2\/comments?post=262"}],"version-history":[{"count":4,"href":"https:\/\/ciscenjezgrade.com\/index.php\/wp-json\/wp\/v2\/pages\/262\/revisions"}],"predecessor-version":[{"id":266,"href":"https:\/\/ciscenjezgrade.com\/index.php\/wp-json\/wp\/v2\/pages\/262\/revisions\/266"}],"wp:attachment":[{"href":"https:\/\/ciscenjezgrade.com\/index.php\/wp-json\/wp\/v2\/media?parent=262"}],"curies":[{"name":"wp","href":"https:\/\/api.w.org\/{rel}","templated":true}]}}