{"id":23,"date":"2022-12-09T09:16:05","date_gmt":"2022-12-09T09:16:05","guid":{"rendered":"http:\/\/ciscenje.avi.rs\/?page_id=23"},"modified":"2022-12-09T13:28:03","modified_gmt":"2022-12-09T13:28:03","slug":"profesionalni-upravnik","status":"publish","type":"page","link":"https:\/\/ciscenjezgrade.com\/index.php\/profesionalni-upravnik\/","title":{"rendered":"Profesionalni upravnik"},"content":{"rendered":"\t\t<div data-elementor-type=\"wp-page\" data-elementor-id=\"23\" class=\"elementor elementor-23\" data-elementor-post-type=\"page\">\n\t\t\t\t\t\t<section class=\"elementor-section elementor-top-section elementor-element elementor-element-506834b3 elementor-section-height-min-height elementor-section-boxed elementor-section-height-default elementor-section-items-middle\" data-id=\"506834b3\" data-element_type=\"section\" data-e-type=\"section\" data-settings=\"{&quot;background_background&quot;:&quot;classic&quot;}\">\n\t\t\t\t\t\t\t<div class=\"elementor-background-overlay\"><\/div>\n\t\t\t\t\t\t\t<div class=\"elementor-container elementor-column-gap-default\">\n\t\t\t\t\t<div class=\"elementor-column elementor-col-100 elementor-top-column elementor-element elementor-element-352885bd\" data-id=\"352885bd\" data-element_type=\"column\" data-e-type=\"column\">\n\t\t\t<div class=\"elementor-widget-wrap elementor-element-populated\">\n\t\t\t\t\t\t<div class=\"elementor-element elementor-element-129f8482 elementor-invisible elementor-widget elementor-widget-heading\" data-id=\"129f8482\" data-element_type=\"widget\" data-e-type=\"widget\" data-settings=\"{&quot;_animation&quot;:&quot;fadeInDown&quot;}\" data-widget_type=\"heading.default\">\n\t\t\t\t<div class=\"elementor-widget-container\">\n\t\t\t\t\t<h1 class=\"elementor-heading-title elementor-size-default\">Profesionalni upravnik<\/h1>\t\t\t\t<\/div>\n\t\t\t\t<\/div>\n\t\t\t\t<div class=\"elementor-element elementor-element-695ef47c elementor-invisible elementor-widget elementor-widget-text-editor\" data-id=\"695ef47c\" data-element_type=\"widget\" data-e-type=\"widget\" data-settings=\"{&quot;_animation&quot;:&quot;fadeIn&quot;}\" data-widget_type=\"text-editor.default\">\n\t\t\t\t<div class=\"elementor-widget-container\">\n\t\t\t\t\t\t\t\t\t<p>Lorem ipsum dolor sit amet, consectetur adipiscing elit, sed do eiusmod tempor incididunt ut labore et dolore magna<\/p>\t\t\t\t\t\t\t\t<\/div>\n\t\t\t\t<\/div>\n\t\t\t\t\t<\/div>\n\t\t<\/div>\n\t\t\t\t\t<\/div>\n\t\t<\/section>\n\t\t\t\t<section class=\"elementor-section elementor-top-section elementor-element elementor-element-103851d9 elementor-section-full_width elementor-section-height-default elementor-section-height-default\" data-id=\"103851d9\" data-element_type=\"section\" data-e-type=\"section\" data-settings=\"{&quot;background_background&quot;:&quot;classic&quot;}\">\n\t\t\t\t\t\t<div class=\"elementor-container elementor-column-gap-default\">\n\t\t\t\t\t<div class=\"elementor-column elementor-col-100 elementor-top-column elementor-element elementor-element-365c24e1\" data-id=\"365c24e1\" data-element_type=\"column\" data-e-type=\"column\">\n\t\t\t<div class=\"elementor-widget-wrap elementor-element-populated\">\n\t\t\t\t\t\t<section class=\"elementor-section elementor-inner-section elementor-element elementor-element-7d031d16 elementor-reverse-mobile elementor-section-boxed elementor-section-height-default elementor-section-height-default\" data-id=\"7d031d16\" data-element_type=\"section\" data-e-type=\"section\">\n\t\t\t\t\t\t<div class=\"elementor-container elementor-column-gap-default\">\n\t\t\t\t\t<div class=\"elementor-column elementor-col-33 elementor-inner-column elementor-element elementor-element-489ea85d\" data-id=\"489ea85d\" data-element_type=\"column\" data-e-type=\"column\">\n\t\t\t<div class=\"elementor-widget-wrap elementor-element-populated\">\n\t\t\t\t\t\t<div class=\"elementor-element elementor-element-3e3f110d elementor-align-start elementor-icon-list--layout-traditional elementor-list-item-link-full_width elementor-widget elementor-widget-icon-list\" data-id=\"3e3f110d\" data-element_type=\"widget\" data-e-type=\"widget\" data-widget_type=\"icon-list.default\">\n\t\t\t\t<div class=\"elementor-widget-container\">\n\t\t\t\t\t\t\t<ul class=\"elementor-icon-list-items\">\n\t\t\t\t\t\t\t<li class=\"elementor-icon-list-item\">\n\t\t\t\t\t\t\t\t\t\t\t<a href=\"#\">\n\n\t\t\t\t\t\t\t\t\t\t\t\t<span class=\"elementor-icon-list-icon\">\n\t\t\t\t\t\t\t<i aria-hidden=\"true\" class=\"far fa-folder-open\"><\/i>\t\t\t\t\t\t<\/span>\n\t\t\t\t\t\t\t\t\t\t<span class=\"elementor-icon-list-text\">&nbsp;\u010ci\u0161\u0107enje zgrada<\/span>\n\t\t\t\t\t\t\t\t\t\t\t<\/a>\n\t\t\t\t\t\t\t\t\t<\/li>\n\t\t\t\t\t\t\t\t<li class=\"elementor-icon-list-item\">\n\t\t\t\t\t\t\t\t\t\t\t<a href=\"#\">\n\n\t\t\t\t\t\t\t\t\t\t\t\t<span class=\"elementor-icon-list-icon\">\n\t\t\t\t\t\t\t<i aria-hidden=\"true\" class=\"far fa-folder-open\"><\/i>\t\t\t\t\t\t<\/span>\n\t\t\t\t\t\t\t\t\t\t<span class=\"elementor-icon-list-text\">&nbsp;Ma\u0161insko \u010di\u0161\u0107enje zgrada<\/span>\n\t\t\t\t\t\t\t\t\t\t\t<\/a>\n\t\t\t\t\t\t\t\t\t<\/li>\n\t\t\t\t\t\t\t\t<li class=\"elementor-icon-list-item\">\n\t\t\t\t\t\t\t\t\t\t\t<a href=\"#\">\n\n\t\t\t\t\t\t\t\t\t\t\t\t<span class=\"elementor-icon-list-icon\">\n\t\t\t\t\t\t\t<i aria-hidden=\"true\" class=\"far fa-folder-open\"><\/i>\t\t\t\t\t\t<\/span>\n\t\t\t\t\t\t\t\t\t\t<span class=\"elementor-icon-list-text\">&nbsp;Odr\u017eavanje zgrade<\/span>\n\t\t\t\t\t\t\t\t\t\t\t<\/a>\n\t\t\t\t\t\t\t\t\t<\/li>\n\t\t\t\t\t\t\t\t<li class=\"elementor-icon-list-item\">\n\t\t\t\t\t\t\t\t\t\t\t<a href=\"#\">\n\n\t\t\t\t\t\t\t\t\t\t\t\t<span class=\"elementor-icon-list-icon\">\n\t\t\t\t\t\t\t<i aria-hidden=\"true\" class=\"far fa-folder-open\"><\/i>\t\t\t\t\t\t<\/span>\n\t\t\t\t\t\t\t\t\t\t<span class=\"elementor-icon-list-text\">&nbsp;Dezinfekcija zgrade<\/span>\n\t\t\t\t\t\t\t\t\t\t\t<\/a>\n\t\t\t\t\t\t\t\t\t<\/li>\n\t\t\t\t\t\t\t\t<li class=\"elementor-icon-list-item\">\n\t\t\t\t\t\t\t\t\t\t\t<a href=\"#\">\n\n\t\t\t\t\t\t\t\t\t\t\t\t<span class=\"elementor-icon-list-icon\">\n\t\t\t\t\t\t\t<i aria-hidden=\"true\" class=\"far fa-folder-open\"><\/i>\t\t\t\t\t\t<\/span>\n\t\t\t\t\t\t\t\t\t\t<span class=\"elementor-icon-list-text\">&nbsp;Dezinfekcija ulaza<\/span>\n\t\t\t\t\t\t\t\t\t\t\t<\/a>\n\t\t\t\t\t\t\t\t\t<\/li>\n\t\t\t\t\t\t\t\t<li class=\"elementor-icon-list-item\">\n\t\t\t\t\t\t\t\t\t\t\t<a href=\"#\">\n\n\t\t\t\t\t\t\t\t\t\t\t\t<span class=\"elementor-icon-list-icon\">\n\t\t\t\t\t\t\t<i aria-hidden=\"true\" class=\"far fa-folder-open\"><\/i>\t\t\t\t\t\t<\/span>\n\t\t\t\t\t\t\t\t\t\t<span class=\"elementor-icon-list-text\">&nbsp;\u010ci\u0161\u0107enje ulaza<\/span>\n\t\t\t\t\t\t\t\t\t\t\t<\/a>\n\t\t\t\t\t\t\t\t\t<\/li>\n\t\t\t\t\t\t\t\t<li class=\"elementor-icon-list-item\">\n\t\t\t\t\t\t\t\t\t\t\t<a href=\"#\">\n\n\t\t\t\t\t\t\t\t\t\t\t\t<span class=\"elementor-icon-list-icon\">\n\t\t\t\t\t\t\t<i aria-hidden=\"true\" class=\"far fa-folder-open\"><\/i>\t\t\t\t\t\t<\/span>\n\t\t\t\t\t\t\t\t\t\t<span class=\"elementor-icon-list-text\">&nbsp;\u010ci\u0161\u0107enje liftova<\/span>\n\t\t\t\t\t\t\t\t\t\t\t<\/a>\n\t\t\t\t\t\t\t\t\t<\/li>\n\t\t\t\t\t\t\t\t<li class=\"elementor-icon-list-item\">\n\t\t\t\t\t\t\t\t\t\t\t<a href=\"#\">\n\n\t\t\t\t\t\t\t\t\t\t\t\t<span class=\"elementor-icon-list-icon\">\n\t\t\t\t\t\t\t<i aria-hidden=\"true\" class=\"far fa-folder-open\"><\/i>\t\t\t\t\t\t<\/span>\n\t\t\t\t\t\t\t\t\t\t<span class=\"elementor-icon-list-text\">&nbsp;\u010ci\u0161\u0107enje podruma<\/span>\n\t\t\t\t\t\t\t\t\t\t\t<\/a>\n\t\t\t\t\t\t\t\t\t<\/li>\n\t\t\t\t\t\t\t\t<li class=\"elementor-icon-list-item\">\n\t\t\t\t\t\t\t\t\t\t\t<a href=\"#\">\n\n\t\t\t\t\t\t\t\t\t\t\t\t<span class=\"elementor-icon-list-icon\">\n\t\t\t\t\t\t\t<i aria-hidden=\"true\" class=\"far fa-folder-open\"><\/i>\t\t\t\t\t\t<\/span>\n\t\t\t\t\t\t\t\t\t\t<span class=\"elementor-icon-list-text\">&nbsp;\u010ci\u0161\u0107enje poslovnih prostora<\/span>\n\t\t\t\t\t\t\t\t\t\t\t<\/a>\n\t\t\t\t\t\t\t\t\t<\/li>\n\t\t\t\t\t\t\t\t<li class=\"elementor-icon-list-item\">\n\t\t\t\t\t\t\t\t\t\t\t<a href=\"#\">\n\n\t\t\t\t\t\t\t\t\t\t\t\t<span class=\"elementor-icon-list-icon\">\n\t\t\t\t\t\t\t<i aria-hidden=\"true\" class=\"far fa-folder-open\"><\/i>\t\t\t\t\t\t<\/span>\n\t\t\t\t\t\t\t\t\t\t<span class=\"elementor-icon-list-text\">&nbsp;\u010ci\u0161\u0107enje kancelarija<\/span>\n\t\t\t\t\t\t\t\t\t\t\t<\/a>\n\t\t\t\t\t\t\t\t\t<\/li>\n\t\t\t\t\t\t\t\t<li class=\"elementor-icon-list-item\">\n\t\t\t\t\t\t\t\t\t\t\t<a href=\"#\">\n\n\t\t\t\t\t\t\t\t\t\t\t\t<span class=\"elementor-icon-list-icon\">\n\t\t\t\t\t\t\t<i aria-hidden=\"true\" class=\"far fa-folder-open\"><\/i>\t\t\t\t\t\t<\/span>\n\t\t\t\t\t\t\t\t\t\t<span class=\"elementor-icon-list-text\">&nbsp;\u010ci\u0161\u0107enje lokala<\/span>\n\t\t\t\t\t\t\t\t\t\t\t<\/a>\n\t\t\t\t\t\t\t\t\t<\/li>\n\t\t\t\t\t\t\t\t<li class=\"elementor-icon-list-item\">\n\t\t\t\t\t\t\t\t\t\t\t<a href=\"#\">\n\n\t\t\t\t\t\t\t\t\t\t\t\t<span class=\"elementor-icon-list-icon\">\n\t\t\t\t\t\t\t<i aria-hidden=\"true\" class=\"far fa-folder-open\"><\/i>\t\t\t\t\t\t<\/span>\n\t\t\t\t\t\t\t\t\t\t<span class=\"elementor-icon-list-text\">&nbsp;\u010ci\u0161\u0107enje gara\u017ea<\/span>\n\t\t\t\t\t\t\t\t\t\t\t<\/a>\n\t\t\t\t\t\t\t\t\t<\/li>\n\t\t\t\t\t\t\t\t<li class=\"elementor-icon-list-item\">\n\t\t\t\t\t\t\t\t\t\t\t<a href=\"#\">\n\n\t\t\t\t\t\t\t\t\t\t\t\t<span class=\"elementor-icon-list-icon\">\n\t\t\t\t\t\t\t<i aria-hidden=\"true\" class=\"far fa-folder-open\"><\/i>\t\t\t\t\t\t<\/span>\n\t\t\t\t\t\t\t\t\t\t<span class=\"elementor-icon-list-text\">&nbsp;Profesionalni upravnik<\/span>\n\t\t\t\t\t\t\t\t\t\t\t<\/a>\n\t\t\t\t\t\t\t\t\t<\/li>\n\t\t\t\t\t\t<\/ul>\n\t\t\t\t\t\t<\/div>\n\t\t\t\t<\/div>\n\t\t\t\t<div class=\"elementor-element elementor-element-2a34f532 elementor-widget-divider--view-line elementor-widget elementor-widget-divider\" data-id=\"2a34f532\" data-element_type=\"widget\" data-e-type=\"widget\" data-widget_type=\"divider.default\">\n\t\t\t\t<div class=\"elementor-widget-container\">\n\t\t\t\t\t\t\t<div class=\"elementor-divider\">\n\t\t\t<span class=\"elementor-divider-separator\">\n\t\t\t\t\t\t<\/span>\n\t\t<\/div>\n\t\t\t\t\t\t<\/div>\n\t\t\t\t<\/div>\n\t\t\t\t<div class=\"elementor-element elementor-element-5d48c564 elementor-align-justify elementor-invisible elementor-widget elementor-widget-button\" data-id=\"5d48c564\" data-element_type=\"widget\" data-e-type=\"widget\" data-settings=\"{&quot;_animation&quot;:&quot;fadeInUp&quot;}\" data-widget_type=\"button.default\">\n\t\t\t\t<div class=\"elementor-widget-container\">\n\t\t\t\t\t\t\t\t\t<div class=\"elementor-button-wrapper\">\n\t\t\t\t\t<a class=\"elementor-button elementor-button-link elementor-size-lg\" href=\"https:\/\/ciscenjezgrade.com\/index.php\/kontakt\/\">\n\t\t\t\t\t\t<span class=\"elementor-button-content-wrapper\">\n\t\t\t\t\t\t<span class=\"elementor-button-icon\">\n\t\t\t\t<i aria-hidden=\"true\" class=\"far fa-comment-dots\"><\/i>\t\t\t<\/span>\n\t\t\t\t\t\t\t\t\t<span class=\"elementor-button-text\">Kontakt<\/span>\n\t\t\t\t\t<\/span>\n\t\t\t\t\t<\/a>\n\t\t\t\t<\/div>\n\t\t\t\t\t\t\t\t<\/div>\n\t\t\t\t<\/div>\n\t\t\t\t<div class=\"elementor-element elementor-element-7f1d1158 elementor-widget elementor-widget-spacer\" data-id=\"7f1d1158\" data-element_type=\"widget\" data-e-type=\"widget\" data-widget_type=\"spacer.default\">\n\t\t\t\t<div class=\"elementor-widget-container\">\n\t\t\t\t\t\t\t<div class=\"elementor-spacer\">\n\t\t\t<div class=\"elementor-spacer-inner\"><\/div>\n\t\t<\/div>\n\t\t\t\t\t\t<\/div>\n\t\t\t\t<\/div>\n\t\t\t\t\t<\/div>\n\t\t<\/div>\n\t\t\t\t<div class=\"elementor-column elementor-col-66 elementor-inner-column elementor-element elementor-element-20e44f80\" data-id=\"20e44f80\" data-element_type=\"column\" data-e-type=\"column\">\n\t\t\t<div class=\"elementor-widget-wrap elementor-element-populated\">\n\t\t\t\t\t\t<div class=\"elementor-element elementor-element-3d36ac2b elementor-widget elementor-widget-text-editor\" data-id=\"3d36ac2b\" data-element_type=\"widget\" data-e-type=\"widget\" data-widget_type=\"text-editor.default\">\n\t\t\t\t<div class=\"elementor-widget-container\">\n\t\t\t\t\t\t\t\t\t<p>Profesionalni upravnik u Beogradu vi\u0161e nije retkost jer smo prepoznali potrebu gra\u0111ana da za takvu poziciju ipak \u017eele pouzdano lice sa odgovaraju\u0107im kvalifikacijama koje mu omogu\u0107avaju da svoj posao upravljanja zgrade obavlja na najbolji mogu\u0107i na\u010din.\u00a0 Nije uvek jednostavno odabrati upravnika zgrade koji \u0107e biti pogodan za ispunjenje svih zadataka koji se od njega o\u010dekuju. Stanari \u017eele nekoga ko je sposoban da re\u0161ava sve potencijalne probleme u zgradi, brzo, efikasno i da to bude u skladu sa svim propisima. Dosada\u0161nja lo\u0161a iskustva su pokazala da pojedini upravnici ne ispunjavaju svoje obaveze i da ne vr\u0161e odre\u0111ene du\u017enosti, kao i da ukoliko od toga imaju li\u010dnu korist, menjaju utvr\u0111ena pravila. Kako ne bi dolazilo do sli\u010dnih nepravilnosti u radu, nudimo vam usluge profesionalnog upravnika. Ovo se pokazalo kao odli\u010dna metoda kada je u pitanju vo\u0111enje zgrade. Ukoliko na ovoj poziciji imate nekoga ko poznaje na\u010din rada i ko je tu da Va\u0161e stanovanje u\u010dini lak\u0161im, svi problemi su lako re\u0161ivi.<\/p>\t\t\t\t\t\t\t\t<\/div>\n\t\t\t\t<\/div>\n\t\t\t\t<div class=\"elementor-element elementor-element-15d83a5f elementor-widget elementor-widget-heading\" data-id=\"15d83a5f\" data-element_type=\"widget\" data-e-type=\"widget\" data-widget_type=\"heading.default\">\n\t\t\t\t<div class=\"elementor-widget-container\">\n\t\t\t\t\t<h2 class=\"elementor-heading-title elementor-size-default\">Profesionalni upravnik pru\u017ea slede\u0107e usluge:<\/h2>\t\t\t\t<\/div>\n\t\t\t\t<\/div>\n\t\t\t\t<div class=\"elementor-element elementor-element-736ee73b elementor-widget-divider--view-line elementor-widget elementor-widget-divider\" data-id=\"736ee73b\" data-element_type=\"widget\" data-e-type=\"widget\" data-widget_type=\"divider.default\">\n\t\t\t\t<div class=\"elementor-widget-container\">\n\t\t\t\t\t\t\t<div class=\"elementor-divider\">\n\t\t\t<span class=\"elementor-divider-separator\">\n\t\t\t\t\t\t<\/span>\n\t\t<\/div>\n\t\t\t\t\t\t<\/div>\n\t\t\t\t<\/div>\n\t\t\t\t<div class=\"elementor-element elementor-element-b79df2d elementor-widget elementor-widget-text-editor\" data-id=\"b79df2d\" data-element_type=\"widget\" data-e-type=\"widget\" data-widget_type=\"text-editor.default\">\n\t\t\t\t<div class=\"elementor-widget-container\">\n\t\t\t\t\t\t\t\t\t<h2>\u00a0<\/h2><p><img fetchpriority=\"high\" decoding=\"async\" class=\"alignright size-full wp-image-8649 entered lazyloaded\" title=\"Profesionalni upravnik\" src=\"https:\/\/ciscenjezgrade.com\/wp-content\/uploads\/2021\/12\/Profesionalni-upravnik.jpg\" sizes=\"(max-width: 550px) 100vw, 550px\" srcset=\"https:\/\/ciscenjezgrade.com\/wp-content\/uploads\/2021\/12\/Profesionalni-upravnik.jpg 550w, https:\/\/ciscenjezgrade.com\/wp-content\/uploads\/2021\/12\/Profesionalni-upravnik-300x200.jpg 300w\" alt=\"Profesionalni upravnik\" width=\"550\" height=\"367\" data-lazy-srcset=\"https:\/\/ciscenjezgrade.com\/wp-content\/uploads\/2021\/12\/Profesionalni-upravnik.jpg 550w, https:\/\/ciscenjezgrade.com\/wp-content\/uploads\/2021\/12\/Profesionalni-upravnik-300x200.jpg 300w\" data-lazy-sizes=\"(max-width: 550px) 100vw, 550px\" data-lazy-src=\"https:\/\/ciscenjezgrade.com\/wp-content\/uploads\/2021\/12\/Profesionalni-upravnik.jpg\" data-ll-status=\"loaded\" \/><\/p><ul><li>osnivanje stambene zajednice (ukoliko nije osnovana)<\/li><li>izrada pe\u010data<\/li><li>pribavljanje PIB-a i mati\u010dnog broja stambene zajednice<\/li><li>otvaranje teku\u0107eg ra\u010duna u poslovnoj banci<\/li><li>zastupanje i predstavljanje stambene zajednice<\/li><li>upis stambene zajednice u Registar stambenih zajednica<\/li><li>podno\u0161enje prijave za registraciju pravila vlasnika<\/li><li>popis posebnih, zajedni\u010dkih i samostalnih delova i njihovo ozna\u010davanje, uspostavljanje i vo\u0111enje evidencije o vlasnicima posebnih delova, i licima kojima su zajedni\u010dki ili posebni delovi izdati u zakup, izvr\u0161ava odluke stambene zajednice<\/li><li>priprema i zaklju\u010divanje ugovora za odr\u017eavanje higijene, lifta i dr.<\/li><li>nadzor nad radom osoblja (domar, \u010dista\u010dica i dr)<\/li><li>informisanje stanara i sa\u010dinjavanje izve\u0161taja<\/li><li>upravljanje finansijskim sredstvima sa teku\u0107eg ra\u010duna stambene zajednice, a na osnovu odluke skup\u0161tine stambene zajednice<\/li><li>vo\u0111enje evidencije o prihodima i rashodima stambene zajednice<\/li><li>priprema bud\u017eeta i njegovog raspore\u0111ivanja po stavkama<\/li><li>naplata dogovorenog iznosa za upravljanje i odr\u017eavanje stambene zgrade<\/li><li>prinudna naplata potra\u017eivanja stambene zajednice<\/li><li>izrada zavr\u0161nog ra\u010duna i podno\u0161enje poreske prijave stambene zajednice u slu\u010daju da ista ostvaruje prihod po osnovu rentiranja zajedni\u010dkih delova<\/li><li>realizaciju godi\u0161njeg programa odr\u017eavanja<\/li><li>organizaciju radova na teku\u0107em i investicionom odr\u017eavanju<\/li><li>organizacija radova na hitnim intervencijama<\/li><li>briga o ku\u0107nom redu<\/li><li>podr\u0161ka svim zajedni\u010dkim aktivnostima stanara stambene zajednice<\/li><li>obnovu i unapre\u0111enje kvaliteta imovine stambene zajednice.<\/li><\/ul><p>Vodimo se parolom da su zadovoljni stanari \u010dinioci jedne zdrave zajednice koja treba da funkcioni\u0161e bez problema, a kada do njih i do\u0111e, mi ih re\u0161avamo. Profesionalni upravnik je ne\u0161to \u0161to je kod nas za\u017eivelo i pokazalo se kao odli\u010dna metoda savremenog na\u010dina za\u00a0<a href=\"https:\/\/ciscenjezgrade.com\/odrzavanje-zgrade\/\">odr\u017eavanje zgrade<\/a>\u00a0i njeno ure\u0111enje. Mi obavljamo svu papirologiju koja je neophodna za odre\u0111ene poslove koji se odnose na\u00a0<a href=\"https:\/\/ciscenjezgrade.com\/ciscenje-zgrada\/\">\u010di\u0161\u0107enje zgrada<\/a>, re\u0161avamo sve nesuglasice me\u0111u stanarima i zajedni\u010dkim dogovorima radimo ono \u0161to je najbolje za svakoga ko u toj zgradi boravi.<\/p><p>Profesionalni upravnik zastupa stanare zgrade, a sve u okvirima zakona. Posedujemo odgovaraju\u0107u licencu za obavljanje ovog posla i samo jednim pozivom su Vam dostupne informacije koje se ti\u010du svih pogodnosti anga\u017eovanja profesionalnog upravnika. \u017delimo da Va\u0161 kvalitet stanovanja podignemo na jedan pristojan, vi\u0161i nivo, gde \u0107e svi biti zadovoljni i gde \u0107e imati prilike da iskuse civilizovan na\u010din \u017eivljenja. Svako lice iz na\u0161e agencije ima polo\u017een ispit za profesionalnog upravnika, poznaje sve zakone poslovanja i olak\u0161ava Va\u0161u svakodnevicu. Na raspolaganju smo Vam u svakom trenutku,\u00a0<a href=\"https:\/\/ciscenjezgrade.com\/kontakt\/\">kontaktirajte nas<\/a>\u00a0i odgovori\u0107emo na sva Va\u0161a pitanja.<\/p>\t\t\t\t\t\t\t\t<\/div>\n\t\t\t\t<\/div>\n\t\t\t\t<div class=\"elementor-element elementor-element-432ab6f0 elementor-widget-divider--view-line elementor-widget elementor-widget-divider\" data-id=\"432ab6f0\" data-element_type=\"widget\" data-e-type=\"widget\" data-widget_type=\"divider.default\">\n\t\t\t\t<div class=\"elementor-widget-container\">\n\t\t\t\t\t\t\t<div class=\"elementor-divider\">\n\t\t\t<span class=\"elementor-divider-separator\">\n\t\t\t\t\t\t<\/span>\n\t\t<\/div>\n\t\t\t\t\t\t<\/div>\n\t\t\t\t<\/div>\n\t\t\t\t\t<\/div>\n\t\t<\/div>\n\t\t\t\t\t<\/div>\n\t\t<\/section>\n\t\t\t\t\t<\/div>\n\t\t<\/div>\n\t\t\t\t\t<\/div>\n\t\t<\/section>\n\t\t\t\t<\/div>\n\t\t","protected":false},"excerpt":{"rendered":"<p>Profesionalni upravnik Lorem ipsum dolor sit amet, consectetur adipiscing elit, sed do eiusmod tempor incididunt ut labore et dolore magna &nbsp;\u010ci\u0161\u0107enje zgrada &nbsp;Ma\u0161insko \u010di\u0161\u0107enje zgrada &nbsp;Odr\u017eavanje zgrade &nbsp;Dezinfekcija zgrade &nbsp;Dezinfekcija ulaza &nbsp;\u010ci\u0161\u0107enje ulaza &nbsp;\u010ci\u0161\u0107enje liftova &nbsp;\u010ci\u0161\u0107enje podruma &nbsp;\u010ci\u0161\u0107enje poslovnih prostora &nbsp;\u010ci\u0161\u0107enje kancelarija &nbsp;\u010ci\u0161\u0107enje lokala &nbsp;\u010ci\u0161\u0107enje gara\u017ea &nbsp;Profesionalni upravnik Kontakt Profesionalni upravnik u Beogradu vi\u0161e nije [&hellip;]<\/p>\n","protected":false},"author":1,"featured_media":0,"parent":0,"menu_order":0,"comment_status":"closed","ping_status":"closed","template":"elementor_header_footer","meta":{"footnotes":""},"class_list":["post-23","page","type-page","status-publish","hentry"],"_links":{"self":[{"href":"https:\/\/ciscenjezgrade.com\/index.php\/wp-json\/wp\/v2\/pages\/23","targetHints":{"allow":["GET"]}}],"collection":[{"href":"https:\/\/ciscenjezgrade.com\/index.php\/wp-json\/wp\/v2\/pages"}],"about":[{"href":"https:\/\/ciscenjezgrade.com\/index.php\/wp-json\/wp\/v2\/types\/page"}],"author":[{"embeddable":true,"href":"https:\/\/ciscenjezgrade.com\/index.php\/wp-json\/wp\/v2\/users\/1"}],"replies":[{"embeddable":true,"href":"https:\/\/ciscenjezgrade.com\/index.php\/wp-json\/wp\/v2\/comments?post=23"}],"version-history":[{"count":7,"href":"https:\/\/ciscenjezgrade.com\/index.php\/wp-json\/wp\/v2\/pages\/23\/revisions"}],"predecessor-version":[{"id":249,"href":"https:\/\/ciscenjezgrade.com\/index.php\/wp-json\/wp\/v2\/pages\/23\/revisions\/249"}],"wp:attachment":[{"href":"https:\/\/ciscenjezgrade.com\/index.php\/wp-json\/wp\/v2\/media?parent=23"}],"curies":[{"name":"wp","href":"https:\/\/api.w.org\/{rel}","templated":true}]}}