{"id":226,"date":"2022-12-09T13:24:25","date_gmt":"2022-12-09T13:24:25","guid":{"rendered":"https:\/\/ciscenje.avi.rs\/?page_id=226"},"modified":"2022-12-09T13:25:23","modified_gmt":"2022-12-09T13:25:23","slug":"ciscenje-garaza","status":"publish","type":"page","link":"https:\/\/ciscenjezgrade.com\/index.php\/ciscenje-garaza\/","title":{"rendered":"\u010ci\u0161\u0107enje gara\u017ea"},"content":{"rendered":"\t\t<div data-elementor-type=\"wp-page\" data-elementor-id=\"226\" class=\"elementor elementor-226\" data-elementor-post-type=\"page\">\n\t\t\t\t\t\t<section class=\"elementor-section elementor-top-section elementor-element elementor-element-644a31b1 elementor-section-height-min-height elementor-section-boxed elementor-section-height-default elementor-section-items-middle\" data-id=\"644a31b1\" data-element_type=\"section\" data-e-type=\"section\" data-settings=\"{&quot;background_background&quot;:&quot;classic&quot;}\">\n\t\t\t\t\t\t\t<div class=\"elementor-background-overlay\"><\/div>\n\t\t\t\t\t\t\t<div class=\"elementor-container elementor-column-gap-default\">\n\t\t\t\t\t<div class=\"elementor-column elementor-col-100 elementor-top-column elementor-element elementor-element-2fec947a\" data-id=\"2fec947a\" data-element_type=\"column\" data-e-type=\"column\">\n\t\t\t<div class=\"elementor-widget-wrap elementor-element-populated\">\n\t\t\t\t\t\t<div class=\"elementor-element elementor-element-1cf0f2f4 elementor-invisible elementor-widget elementor-widget-heading\" data-id=\"1cf0f2f4\" data-element_type=\"widget\" data-e-type=\"widget\" data-settings=\"{&quot;_animation&quot;:&quot;fadeInDown&quot;}\" data-widget_type=\"heading.default\">\n\t\t\t\t<div class=\"elementor-widget-container\">\n\t\t\t\t\t<h1 class=\"elementor-heading-title elementor-size-default\">\u010ci\u0161\u0107enje gara\u017ea<\/h1>\t\t\t\t<\/div>\n\t\t\t\t<\/div>\n\t\t\t\t\t<\/div>\n\t\t<\/div>\n\t\t\t\t\t<\/div>\n\t\t<\/section>\n\t\t\t\t<section class=\"elementor-section elementor-top-section elementor-element elementor-element-2b15684a elementor-section-full_width elementor-section-height-default elementor-section-height-default\" data-id=\"2b15684a\" data-element_type=\"section\" data-e-type=\"section\" data-settings=\"{&quot;background_background&quot;:&quot;classic&quot;}\">\n\t\t\t\t\t\t<div class=\"elementor-container elementor-column-gap-default\">\n\t\t\t\t\t<div class=\"elementor-column elementor-col-100 elementor-top-column elementor-element elementor-element-53a79d72\" data-id=\"53a79d72\" data-element_type=\"column\" data-e-type=\"column\">\n\t\t\t<div class=\"elementor-widget-wrap elementor-element-populated\">\n\t\t\t\t\t\t<section class=\"elementor-section elementor-inner-section elementor-element elementor-element-659c0682 elementor-reverse-mobile elementor-section-boxed elementor-section-height-default elementor-section-height-default\" data-id=\"659c0682\" data-element_type=\"section\" data-e-type=\"section\">\n\t\t\t\t\t\t<div class=\"elementor-container elementor-column-gap-default\">\n\t\t\t\t\t<div class=\"elementor-column elementor-col-100 elementor-inner-column elementor-element elementor-element-4c150cfc\" data-id=\"4c150cfc\" data-element_type=\"column\" data-e-type=\"column\">\n\t\t\t<div class=\"elementor-widget-wrap elementor-element-populated\">\n\t\t\t\t\t\t<div class=\"elementor-element elementor-element-13ff8b45 elementor-widget-divider--view-line elementor-widget elementor-widget-divider\" data-id=\"13ff8b45\" data-element_type=\"widget\" data-e-type=\"widget\" data-widget_type=\"divider.default\">\n\t\t\t\t<div class=\"elementor-widget-container\">\n\t\t\t\t\t\t\t<div class=\"elementor-divider\">\n\t\t\t<span class=\"elementor-divider-separator\">\n\t\t\t\t\t\t<\/span>\n\t\t<\/div>\n\t\t\t\t\t\t<\/div>\n\t\t\t\t<\/div>\n\t\t\t\t<div class=\"elementor-element elementor-element-757ff40d elementor-widget elementor-widget-text-editor\" data-id=\"757ff40d\" data-element_type=\"widget\" data-e-type=\"widget\" data-widget_type=\"text-editor.default\">\n\t\t\t\t<div class=\"elementor-widget-container\">\n\t\t\t\t\t\t\t\t\t<p>U svakom prostoru je va\u017eno odr\u017eavanje \u010disto\u0107e i to je uglavnom ono \u0161to prvo primetimo prilikom dolaska. Bez obzira da li je u pitanju gara\u017ea ili ulaz zgrade, podjednako treba obavljati njihovo odr\u017eavanje i adekvatno \u010di\u0161\u0107enje. Ukoliko nemate vremena da samostalno obavite ovu intervenciju, tu smo mi da Vam pru\u017eimo potpuno novi do\u017eivljaj profesionalnog i pravilnog na\u010dina \u010di\u0161\u0107enja svih prostora. Osim \u0161to obavljamo \u010di\u0161\u0107enje gara\u017ea, mo\u017eete nas anga\u017eovati za\u00a0<a href=\"https:\/\/ciscenjezgrade.com\/ciscenje-liftova\/\">\u010di\u0161\u0107enje liftova<\/a>,\u00a0<a href=\"https:\/\/ciscenjezgrade.com\/ciscenje-poslovnih-prostora\/\">\u010di\u0161\u0107enje poslovnih prostora<\/a>,\u00a0<a href=\"https:\/\/ciscenjezgrade.com\/ciscenje-lokala\/\">\u010di\u0161\u0107enje lokala<\/a>\u00a0kao i kompletno\u00a0<a href=\"https:\/\/ciscenjezgrade.com\/ciscenje-zgrada\/\">\u010di\u0161\u0107enje zgrada<\/a>\u00a0i svega onoga \u0161to zahteva odre\u0111eno vreme za detaljan pristup, a Vi ga nemate dovoljno. Sve usluge \u010di\u0161\u0107enja su Vam dostupne po veoma pristupa\u010dnim cenama.<\/p><h2>\u010ci\u0161\u0107enje gara\u017ea podrazumeva:<\/h2><p><img fetchpriority=\"high\" decoding=\"async\" class=\"alignright size-full wp-image-8952 entered lazyloaded\" title=\"\u010ci\u0161\u0107enje gara\u017ea\" src=\"https:\/\/ciscenjezgrade.com\/wp-content\/uploads\/2021\/12\/Ciscenje-garaza.jpg\" sizes=\"(max-width: 550px) 100vw, 550px\" srcset=\"https:\/\/ciscenjezgrade.com\/wp-content\/uploads\/2021\/12\/Ciscenje-garaza.jpg 550w, https:\/\/ciscenjezgrade.com\/wp-content\/uploads\/2021\/12\/Ciscenje-garaza-300x200.jpg 300w\" alt=\"\u010ci\u0161\u0107enje gara\u017ea\" width=\"550\" height=\"367\" data-lazy-srcset=\"https:\/\/ciscenjezgrade.com\/wp-content\/uploads\/2021\/12\/Ciscenje-garaza.jpg 550w, https:\/\/ciscenjezgrade.com\/wp-content\/uploads\/2021\/12\/Ciscenje-garaza-300x200.jpg 300w\" data-lazy-sizes=\"(max-width: 550px) 100vw, 550px\" data-lazy-src=\"https:\/\/ciscenjezgrade.com\/wp-content\/uploads\/2021\/12\/Ciscenje-garaza.jpg\" data-ll-status=\"loaded\" \/><\/p><ul><li>Ka\u010denje obave\u0161tenje o datumu i vremenu \u010di\u0161\u0107enja gara\u017ee<\/li><li>Metlanje gara\u017ee<\/li><li>Pod se pere ma\u0161inski sa odgovaraju\u0107im hemijskim sredstvima<\/li><li>Uklanjanje pau\u010dine sa zidova<\/li><li>Brisanje svih prekida\u010da i lampi<\/li><li>Detaljno pranje ulaznih vrata\u2026<\/li><\/ul><p>\u010ci\u0161\u0107enje gara\u017ea je po\u017eeljno obavljati barem nekoliko puta godi\u0161nje, ali je neki prosek za ovu intervenciju makar dvaput godi\u0161nje. Ova intervencija se obavlja do najsitnijeg detalja, za \u0161ta koristimo specijalnu opremu, s obzirom na to da se\u00a0<strong>pod gara\u017ee pere ma\u0161inskim putem uz kori\u0161\u0107enje specijalnih hemikalija<\/strong>. Po\u010detni korak je svakako metlanje gara\u017ee, gde se po\u010disti svaki ugao pre nego \u0161to se pre\u0111e na ma\u0161insko ribanje. Vr\u0161imo \u010di\u0161\u0107enje pau\u010dine sa zidova i svih \u0107o\u0161kova. Tako\u0111e bri\u0161emo pra\u0161inu sa svih povr\u0161ina u gara\u017ei, prekida\u010da, lampi, kao i detaljno brisanje ulaznih vrata. Obezbe\u0111ujemo potpuno dezinfikovanje prostora i unosimo sve\u017einu u Va\u0161u gara\u017eu. Naravno pre toga nekoliko dana ranije najavimo da \u0107e u zgradi biti izvr\u0161eno \u010di\u0161\u0107enje gara\u017ea kako bismo obavestili sve stanare.<\/p><p>Ukoliko posedujete privatnu gara\u017eu, mo\u017eete nas anga\u017eovati i za njeno \u010di\u0161\u0107enje. Sve na\u0161e usluge obavljamo na najvi\u0161em nivou kvaliteta. Ako \u017eelite \u010di\u0161\u0107enje gara\u017ea po najpovoljnijim cenama u Beogradu,\u00a0<a href=\"https:\/\/ciscenjezgrade.com\/kontakt\/\">kontaktirajte<\/a>\u00a0nas. U svakom trenutku se mo\u017eete informisati i o ostalim uslugama \u010di\u0161\u0107enja koje pru\u017eamo, kao i o uslovima poslovanja. Nama su \u010disto\u0107a i higijena na prvom mestu, zbog toga te\u017eimo tome da na\u0161im klijentima obezbedimo samo najbolje. Poslujemo na celoj teritoriji Beograda i \u010di\u0161\u0107enje gara\u017ea vr\u0161imo u dogovorenim terminima.<\/p>\t\t\t\t\t\t\t\t<\/div>\n\t\t\t\t<\/div>\n\t\t\t\t\t<\/div>\n\t\t<\/div>\n\t\t\t\t\t<\/div>\n\t\t<\/section>\n\t\t\t\t\t<\/div>\n\t\t<\/div>\n\t\t\t\t\t<\/div>\n\t\t<\/section>\n\t\t\t\t<\/div>\n\t\t","protected":false},"excerpt":{"rendered":"<p>\u010ci\u0161\u0107enje gara\u017ea U svakom prostoru je va\u017eno odr\u017eavanje \u010disto\u0107e i to je uglavnom ono \u0161to prvo primetimo prilikom dolaska. Bez obzira da li je u pitanju gara\u017ea ili ulaz zgrade, podjednako treba obavljati njihovo odr\u017eavanje i adekvatno \u010di\u0161\u0107enje. Ukoliko nemate vremena da samostalno obavite ovu intervenciju, tu smo mi da Vam pru\u017eimo potpuno novi do\u017eivljaj [&hellip;]<\/p>\n","protected":false},"author":1,"featured_media":0,"parent":0,"menu_order":0,"comment_status":"closed","ping_status":"closed","template":"elementor_header_footer","meta":{"footnotes":""},"class_list":["post-226","page","type-page","status-publish","hentry"],"_links":{"self":[{"href":"https:\/\/ciscenjezgrade.com\/index.php\/wp-json\/wp\/v2\/pages\/226","targetHints":{"allow":["GET"]}}],"collection":[{"href":"https:\/\/ciscenjezgrade.com\/index.php\/wp-json\/wp\/v2\/pages"}],"about":[{"href":"https:\/\/ciscenjezgrade.com\/index.php\/wp-json\/wp\/v2\/types\/page"}],"author":[{"embeddable":true,"href":"https:\/\/ciscenjezgrade.com\/index.php\/wp-json\/wp\/v2\/users\/1"}],"replies":[{"embeddable":true,"href":"https:\/\/ciscenjezgrade.com\/index.php\/wp-json\/wp\/v2\/comments?post=226"}],"version-history":[{"count":4,"href":"https:\/\/ciscenjezgrade.com\/index.php\/wp-json\/wp\/v2\/pages\/226\/revisions"}],"predecessor-version":[{"id":231,"href":"https:\/\/ciscenjezgrade.com\/index.php\/wp-json\/wp\/v2\/pages\/226\/revisions\/231"}],"wp:attachment":[{"href":"https:\/\/ciscenjezgrade.com\/index.php\/wp-json\/wp\/v2\/media?parent=226"}],"curies":[{"name":"wp","href":"https:\/\/api.w.org\/{rel}","templated":true}]}}