{"id":21,"date":"2022-12-09T09:15:46","date_gmt":"2022-12-09T09:15:46","guid":{"rendered":"http:\/\/ciscenje.avi.rs\/?page_id=21"},"modified":"2022-12-09T13:34:06","modified_gmt":"2022-12-09T13:34:06","slug":"ciscenje-poslovnih-prostora","status":"publish","type":"page","link":"https:\/\/ciscenjezgrade.com\/index.php\/ciscenje-poslovnih-prostora\/","title":{"rendered":"Ci\u0161\u0107enje poslovnih prostora"},"content":{"rendered":"\t\t<div data-elementor-type=\"wp-page\" data-elementor-id=\"21\" class=\"elementor elementor-21\" data-elementor-post-type=\"page\">\n\t\t\t\t\t\t<section class=\"elementor-section elementor-top-section elementor-element elementor-element-32550f6c elementor-section-height-min-height elementor-section-boxed elementor-section-height-default elementor-section-items-middle\" data-id=\"32550f6c\" data-element_type=\"section\" data-e-type=\"section\" data-settings=\"{&quot;background_background&quot;:&quot;classic&quot;}\">\n\t\t\t\t\t\t\t<div class=\"elementor-background-overlay\"><\/div>\n\t\t\t\t\t\t\t<div class=\"elementor-container elementor-column-gap-default\">\n\t\t\t\t\t<div class=\"elementor-column elementor-col-100 elementor-top-column elementor-element elementor-element-6883a12a\" data-id=\"6883a12a\" data-element_type=\"column\" data-e-type=\"column\">\n\t\t\t<div class=\"elementor-widget-wrap elementor-element-populated\">\n\t\t\t\t\t\t<div class=\"elementor-element elementor-element-52e0fbac elementor-invisible elementor-widget elementor-widget-heading\" data-id=\"52e0fbac\" data-element_type=\"widget\" data-e-type=\"widget\" data-settings=\"{&quot;_animation&quot;:&quot;fadeInDown&quot;}\" data-widget_type=\"heading.default\">\n\t\t\t\t<div class=\"elementor-widget-container\">\n\t\t\t\t\t<h1 class=\"elementor-heading-title elementor-size-default\">\u010ci\u0161\u0107enje poslovnih prostora<\/h1>\t\t\t\t<\/div>\n\t\t\t\t<\/div>\n\t\t\t\t\t<\/div>\n\t\t<\/div>\n\t\t\t\t\t<\/div>\n\t\t<\/section>\n\t\t\t\t<section class=\"elementor-section elementor-top-section elementor-element elementor-element-3dcd546a elementor-section-full_width elementor-section-height-default elementor-section-height-default\" data-id=\"3dcd546a\" data-element_type=\"section\" data-e-type=\"section\" data-settings=\"{&quot;background_background&quot;:&quot;classic&quot;}\">\n\t\t\t\t\t\t<div class=\"elementor-container elementor-column-gap-default\">\n\t\t\t\t\t<div class=\"elementor-column elementor-col-100 elementor-top-column elementor-element elementor-element-2ad7b5f0\" data-id=\"2ad7b5f0\" data-element_type=\"column\" data-e-type=\"column\">\n\t\t\t<div class=\"elementor-widget-wrap elementor-element-populated\">\n\t\t\t\t\t\t<section class=\"elementor-section elementor-inner-section elementor-element elementor-element-3bc8ecc7 elementor-reverse-mobile elementor-section-boxed elementor-section-height-default elementor-section-height-default\" data-id=\"3bc8ecc7\" data-element_type=\"section\" data-e-type=\"section\">\n\t\t\t\t\t\t<div class=\"elementor-container elementor-column-gap-default\">\n\t\t\t\t\t<div class=\"elementor-column elementor-col-33 elementor-inner-column elementor-element elementor-element-416a38a6\" data-id=\"416a38a6\" data-element_type=\"column\" data-e-type=\"column\">\n\t\t\t<div class=\"elementor-widget-wrap elementor-element-populated\">\n\t\t\t\t\t\t<div class=\"elementor-element elementor-element-3eec2b71 elementor-align-start elementor-icon-list--layout-traditional elementor-list-item-link-full_width elementor-widget elementor-widget-icon-list\" data-id=\"3eec2b71\" data-element_type=\"widget\" data-e-type=\"widget\" data-widget_type=\"icon-list.default\">\n\t\t\t\t<div class=\"elementor-widget-container\">\n\t\t\t\t\t\t\t<ul class=\"elementor-icon-list-items\">\n\t\t\t\t\t\t\t<li class=\"elementor-icon-list-item\">\n\t\t\t\t\t\t\t\t\t\t\t<a href=\"https:\/\/ciscenjezgrade.com\/index.php\/ciscenje-kancelarija\/\">\n\n\t\t\t\t\t\t\t\t\t\t\t\t<span class=\"elementor-icon-list-icon\">\n\t\t\t\t\t\t\t<i aria-hidden=\"true\" class=\"far fa-folder-open\"><\/i>\t\t\t\t\t\t<\/span>\n\t\t\t\t\t\t\t\t\t\t<span class=\"elementor-icon-list-text\">&nbsp;\u010ci\u0161\u0107enje kancelarija<\/span>\n\t\t\t\t\t\t\t\t\t\t\t<\/a>\n\t\t\t\t\t\t\t\t\t<\/li>\n\t\t\t\t\t\t\t\t<li class=\"elementor-icon-list-item\">\n\t\t\t\t\t\t\t\t\t\t\t<a href=\"https:\/\/ciscenjezgrade.com\/index.php\/ciscenje-lokala\/\">\n\n\t\t\t\t\t\t\t\t\t\t\t\t<span class=\"elementor-icon-list-icon\">\n\t\t\t\t\t\t\t<i aria-hidden=\"true\" class=\"far fa-folder-open\"><\/i>\t\t\t\t\t\t<\/span>\n\t\t\t\t\t\t\t\t\t\t<span class=\"elementor-icon-list-text\">&nbsp;\u010ci\u0161\u0107enje lokala<\/span>\n\t\t\t\t\t\t\t\t\t\t\t<\/a>\n\t\t\t\t\t\t\t\t\t<\/li>\n\t\t\t\t\t\t<\/ul>\n\t\t\t\t\t\t<\/div>\n\t\t\t\t<\/div>\n\t\t\t\t<div class=\"elementor-element elementor-element-4594b2c2 elementor-widget-divider--view-line elementor-widget elementor-widget-divider\" data-id=\"4594b2c2\" data-element_type=\"widget\" data-e-type=\"widget\" data-widget_type=\"divider.default\">\n\t\t\t\t<div class=\"elementor-widget-container\">\n\t\t\t\t\t\t\t<div class=\"elementor-divider\">\n\t\t\t<span class=\"elementor-divider-separator\">\n\t\t\t\t\t\t<\/span>\n\t\t<\/div>\n\t\t\t\t\t\t<\/div>\n\t\t\t\t<\/div>\n\t\t\t\t<div class=\"elementor-element elementor-element-4e62f531 elementor-align-justify elementor-invisible elementor-widget elementor-widget-button\" data-id=\"4e62f531\" data-element_type=\"widget\" data-e-type=\"widget\" data-settings=\"{&quot;_animation&quot;:&quot;fadeInUp&quot;}\" data-widget_type=\"button.default\">\n\t\t\t\t<div class=\"elementor-widget-container\">\n\t\t\t\t\t\t\t\t\t<div class=\"elementor-button-wrapper\">\n\t\t\t\t\t<a class=\"elementor-button elementor-button-link elementor-size-lg\" href=\"https:\/\/ciscenjezgrade.com\/index.php\/kontakt\/\">\n\t\t\t\t\t\t<span class=\"elementor-button-content-wrapper\">\n\t\t\t\t\t\t<span class=\"elementor-button-icon\">\n\t\t\t\t<i aria-hidden=\"true\" class=\"far fa-comment-dots\"><\/i>\t\t\t<\/span>\n\t\t\t\t\t\t\t\t\t<span class=\"elementor-button-text\">Kontakt<\/span>\n\t\t\t\t\t<\/span>\n\t\t\t\t\t<\/a>\n\t\t\t\t<\/div>\n\t\t\t\t\t\t\t\t<\/div>\n\t\t\t\t<\/div>\n\t\t\t\t<div class=\"elementor-element elementor-element-79f2ef16 elementor-widget elementor-widget-spacer\" data-id=\"79f2ef16\" data-element_type=\"widget\" data-e-type=\"widget\" data-widget_type=\"spacer.default\">\n\t\t\t\t<div class=\"elementor-widget-container\">\n\t\t\t\t\t\t\t<div class=\"elementor-spacer\">\n\t\t\t<div class=\"elementor-spacer-inner\"><\/div>\n\t\t<\/div>\n\t\t\t\t\t\t<\/div>\n\t\t\t\t<\/div>\n\t\t\t\t\t<\/div>\n\t\t<\/div>\n\t\t\t\t<div class=\"elementor-column elementor-col-66 elementor-inner-column elementor-element elementor-element-3e60fdf5\" data-id=\"3e60fdf5\" data-element_type=\"column\" data-e-type=\"column\">\n\t\t\t<div class=\"elementor-widget-wrap elementor-element-populated\">\n\t\t\t\t\t\t<div class=\"elementor-element elementor-element-757ba99b elementor-widget elementor-widget-text-editor\" data-id=\"757ba99b\" data-element_type=\"widget\" data-e-type=\"widget\" data-widget_type=\"text-editor.default\">\n\t\t\t\t<div class=\"elementor-widget-container\">\n\t\t\t\t\t\t\t\t\t<p>Za \u010di\u0161\u0107enje poslovnih prostora u Beogradu je prvenstveno potrebna osoba od poverenja. U zavisnosti od toga kojim poslom se bavi Va\u0161a firma, sigurno da ne \u017eelite bilo koga da se pobrine za\u00a0<strong>\u010di\u0161\u0107enje kancelarija<\/strong>,\u00a0<strong>\u010di\u0161\u0107enje hodnika<\/strong>\u00a0i ostalih prostorija unutar nje. Va\u017enost higijene je danas na mnogo ve\u0107em nivou nego ranije, posebno u doba virusa i epidemije gripa. Zbog toga se i mi trudimo da Vam obezbedimo besprekornu \u010disto\u0107u kako biste mogli i da se ose\u0107ate sigurno u prostoru gde radite. Kada se obavlja \u010di\u0161\u0107enje poslovnog prostora, va\u017eno je da sve bude vra\u0107eno na svoje mesto.\u00a0<strong>Brisanje umetni\u010dkih slika, figurica, ramova i svih detalja<\/strong>\u00a0koji upotpunjuju izgled prostora, uvek moraju biti na istom mestu gde su se i nalazili. Tako\u0111e je va\u017eno pa\u017eljivo rukovanje osetljivim i lomljivim predmetima koji se bri\u0161u.<\/p>\t\t\t\t\t\t\t\t<\/div>\n\t\t\t\t<\/div>\n\t\t\t\t<div class=\"elementor-element elementor-element-1ca8a88 elementor-widget elementor-widget-heading\" data-id=\"1ca8a88\" data-element_type=\"widget\" data-e-type=\"widget\" data-widget_type=\"heading.default\">\n\t\t\t\t<div class=\"elementor-widget-container\">\n\t\t\t\t\t<h2 class=\"elementor-heading-title elementor-size-default\">\u010ci\u0161\u0107enje poslovnih prostora podrazumeva:<\/h2>\t\t\t\t<\/div>\n\t\t\t\t<\/div>\n\t\t\t\t<div class=\"elementor-element elementor-element-681ff87c elementor-widget-divider--view-line elementor-widget elementor-widget-divider\" data-id=\"681ff87c\" data-element_type=\"widget\" data-e-type=\"widget\" data-widget_type=\"divider.default\">\n\t\t\t\t<div class=\"elementor-widget-container\">\n\t\t\t\t\t\t\t<div class=\"elementor-divider\">\n\t\t\t<span class=\"elementor-divider-separator\">\n\t\t\t\t\t\t<\/span>\n\t\t<\/div>\n\t\t\t\t\t\t<\/div>\n\t\t\t\t<\/div>\n\t\t\t\t<div class=\"elementor-element elementor-element-ae1a548 elementor-widget elementor-widget-image\" data-id=\"ae1a548\" data-element_type=\"widget\" data-e-type=\"widget\" data-widget_type=\"image.default\">\n\t\t\t\t<div class=\"elementor-widget-container\">\n\t\t\t\t\t\t\t\t\t\t\t\t\t\t\t<img fetchpriority=\"high\" decoding=\"async\" width=\"550\" height=\"344\" src=\"https:\/\/ciscenjezgrade.com\/wp-content\/uploads\/2022\/12\/ciscenje-poslovnih-prostora.jpg\" class=\"attachment-large size-large wp-image-139\" alt=\"\" srcset=\"https:\/\/ciscenjezgrade.com\/wp-content\/uploads\/2022\/12\/ciscenje-poslovnih-prostora.jpg 550w, https:\/\/ciscenjezgrade.com\/wp-content\/uploads\/2022\/12\/ciscenje-poslovnih-prostora-300x188.jpg 300w\" sizes=\"(max-width: 550px) 100vw, 550px\" \/>\t\t\t\t\t\t\t\t\t\t\t\t\t\t\t<\/div>\n\t\t\t\t<\/div>\n\t\t\t\t<div class=\"elementor-element elementor-element-609b125 elementor-widget elementor-widget-text-editor\" data-id=\"609b125\" data-element_type=\"widget\" data-e-type=\"widget\" data-widget_type=\"text-editor.default\">\n\t\t\t\t<div class=\"elementor-widget-container\">\n\t\t\t\t\t\t\t\t\t<p>\u00a0<\/p><p>Brisanje kompijutera, tastature i sl.<\/p><ul><li>Usisavanje, brisanje i pranje podova,<\/li><li>Brisanje ulaznih vrata i svih stolova u objektu,<\/li><li>Pranja sanitarnih \u010dvorova, toaleta i dezinfekcija,<\/li><li>Odno\u0161enje sme\u0107a i pranje kanti,<\/li><li>Brisanje slika,<\/li><li>Dubinsko usisavanje,<\/li><li>\u010ci\u0161\u0107enje liftova i stepeni\u0161ta,<\/li><li>\u010ci\u0161\u0107enje, kvaka , telefona i prekida\u010da za svetlo\u2026<\/li><li>Rad higijeni\u010darke u toku dana, odnosno u vremenskom interval kada vam najvi\u0161e odgovara<\/li><li>Brisanje pr\u0161ina sa radnih povr\u0161ina odnosno name\u0161taja, stolova, stolica\u2026<\/li><li><a href=\"https:\/\/ciscenjezgrade.com\/ciscenje-kancelarija\/\">\u010ci\u0161\u0107enje kancelarija<\/a><\/li><\/ul><p>Mi Vam obezbe\u0111ujemo pouzdano i profesionalno \u010di\u0161\u0107enje poslovnih prostora. Mo\u017eete apsolutno ra\u010dunati na na\u0161e usluge i biti sigurni da \u0107emo ih obaviti temeljno, bez gre\u0161ke. Kada su u pitanju poslovni prostori, veoma je va\u017ena i higijena sanitarnog \u010dvora, za \u0161ta \u0107emo se mi tako\u0111e pobrinuti. Ono \u0161to jo\u0161 uklju\u010duje \u010di\u0161\u0107enje poslovnih prostora jeste i\u00a0<strong>usisavanje, brisanje pra\u0161ine, brisanje pau\u010dine, pra\u017enjenje kanti za otpad<\/strong>, kao i\u00a0<strong>ribanje podova, stepeni\u0161ta, kvaka, telefona<\/strong>\u00a0i svega onoga \u0161to se svakodnevno dodiruje i koristi. U zavisnosti od poslovnog prostora, dnevno mo\u017ee da cirkuli\u0161e veliki broj ljudi, zbog \u010dega je obavezna dezinfekcija i redovno \u010di\u0161\u0107enje.<\/p><p><a href=\"https:\/\/ciscenjezgrade.com\/kontakt\/\">Kontaktirajte<\/a>\u00a0nas kada \u017eelite \u010di\u0161\u0107enje poslovnih prostora po najpovoljnim cenama u Beogradu. U dogovoru sa Vama pravimo plan i program termina za \u010di\u0161\u0107enje i svih pojedinosti ukoliko na ne\u0161to treba posebno obratiti pa\u017enju. U svakom trenutku nas mo\u017eete kontaktirati i saznati koje sve pogodnosti ostvarujete anga\u017eovanjem na\u0161eg profesionalnog tima za \u010di\u0161\u0107enje poslovnih prostora,\u00a0<a href=\"https:\/\/ciscenjezgrade.com\/ciscenje-zgrada\/\">\u010di\u0161\u0107enje zgrada<\/a>\u00a0ili\u00a0<a href=\"https:\/\/ciscenjezgrade.com\/ciscenje-lokala\/\">\u010di\u0161\u0107enje lokala<\/a>. Sve obavljamo potpuno bezbedno, koriste\u0107i\u00a0<strong>namenske hemikalije koje ne o\u0161te\u0107uju povr\u0161ine i nisu \u0161tetne po Va\u0161e zdravlje<\/strong>.<\/p>\t\t\t\t\t\t\t\t<\/div>\n\t\t\t\t<\/div>\n\t\t\t\t<div class=\"elementor-element elementor-element-337badd9 elementor-widget-divider--view-line elementor-widget elementor-widget-divider\" data-id=\"337badd9\" data-element_type=\"widget\" data-e-type=\"widget\" data-widget_type=\"divider.default\">\n\t\t\t\t<div class=\"elementor-widget-container\">\n\t\t\t\t\t\t\t<div class=\"elementor-divider\">\n\t\t\t<span class=\"elementor-divider-separator\">\n\t\t\t\t\t\t<\/span>\n\t\t<\/div>\n\t\t\t\t\t\t<\/div>\n\t\t\t\t<\/div>\n\t\t\t\t<div class=\"elementor-element elementor-element-71a46d2d elementor-arrows-position-inside elementor-pagination-position-outside elementor-widget elementor-widget-image-carousel\" data-id=\"71a46d2d\" data-element_type=\"widget\" data-e-type=\"widget\" data-settings=\"{&quot;slides_to_show&quot;:&quot;3&quot;,&quot;navigation&quot;:&quot;both&quot;,&quot;autoplay&quot;:&quot;yes&quot;,&quot;pause_on_hover&quot;:&quot;yes&quot;,&quot;pause_on_interaction&quot;:&quot;yes&quot;,&quot;autoplay_speed&quot;:5000,&quot;infinite&quot;:&quot;yes&quot;,&quot;speed&quot;:500}\" data-widget_type=\"image-carousel.default\">\n\t\t\t\t<div class=\"elementor-widget-container\">\n\t\t\t\t\t\t\t<div class=\"elementor-image-carousel-wrapper swiper\" role=\"region\" aria-roledescription=\"carousel\" aria-label=\"Image Carousel\" dir=\"ltr\">\n\t\t\t<div class=\"elementor-image-carousel swiper-wrapper\" aria-live=\"off\">\n\t\t\t\t\t\t\t\t<div class=\"swiper-slide\" role=\"group\" aria-roledescription=\"slide\" aria-label=\"1 of 3\"><figure class=\"swiper-slide-inner\"><img decoding=\"async\" class=\"swiper-slide-image\" src=\"https:\/\/ciscenjezgrade.com\/wp-content\/uploads\/elementor\/thumbs\/office-cleaning-service-1024x685-1-pywpmk61gn303hthqhimxklvyym4eodxj19dne1o0w.jpeg\" alt=\"office-cleaning-service-1024x685\" \/><\/figure><\/div><div class=\"swiper-slide\" role=\"group\" aria-roledescription=\"slide\" aria-label=\"2 of 3\"><figure class=\"swiper-slide-inner\"><img decoding=\"async\" class=\"swiper-slide-image\" src=\"https:\/\/ciscenjezgrade.com\/wp-content\/uploads\/elementor\/thumbs\/960x0-1-pywpml3vnh4af3s4kzx9i2dckchhmdhnv5wv4o09uo.jpg\" alt=\"960x0 (1)\" \/><\/figure><\/div><div class=\"swiper-slide\" role=\"group\" aria-roledescription=\"slide\" aria-label=\"3 of 3\"><figure class=\"swiper-slide-inner\"><img decoding=\"async\" class=\"swiper-slide-image\" src=\"https:\/\/ciscenjezgrade.com\/wp-content\/uploads\/elementor\/thumbs\/678273664-huge-scaled-2-pywpnahis0314kr9gsw6vdyslr0ee7aeyniz34yn6o.jpg\" alt=\"678273664-huge-scaled-2\" \/><\/figure><\/div>\t\t\t<\/div>\n\t\t\t\t\t\t\t\t\t\t\t\t<div class=\"elementor-swiper-button elementor-swiper-button-prev\" role=\"button\" tabindex=\"0\">\n\t\t\t\t\t\t<i aria-hidden=\"true\" class=\"eicon-chevron-left\"><\/i>\t\t\t\t\t<\/div>\n\t\t\t\t\t<div class=\"elementor-swiper-button elementor-swiper-button-next\" role=\"button\" tabindex=\"0\">\n\t\t\t\t\t\t<i aria-hidden=\"true\" class=\"eicon-chevron-right\"><\/i>\t\t\t\t\t<\/div>\n\t\t\t\t\n\t\t\t\t\t\t\t\t\t<div class=\"swiper-pagination\"><\/div>\n\t\t\t\t\t\t\t\t\t<\/div>\n\t\t\t\t\t\t<\/div>\n\t\t\t\t<\/div>\n\t\t\t\t\t<\/div>\n\t\t<\/div>\n\t\t\t\t\t<\/div>\n\t\t<\/section>\n\t\t\t\t\t<\/div>\n\t\t<\/div>\n\t\t\t\t\t<\/div>\n\t\t<\/section>\n\t\t\t\t<\/div>\n\t\t","protected":false},"excerpt":{"rendered":"<p>\u010ci\u0161\u0107enje poslovnih prostora &nbsp;\u010ci\u0161\u0107enje kancelarija &nbsp;\u010ci\u0161\u0107enje lokala Kontakt Za \u010di\u0161\u0107enje poslovnih prostora u Beogradu je prvenstveno potrebna osoba od poverenja. U zavisnosti od toga kojim poslom se bavi Va\u0161a firma, sigurno da ne \u017eelite bilo koga da se pobrine za\u00a0\u010di\u0161\u0107enje kancelarija,\u00a0\u010di\u0161\u0107enje hodnika\u00a0i ostalih prostorija unutar nje. Va\u017enost higijene je danas na mnogo ve\u0107em nivou nego [&hellip;]<\/p>\n","protected":false},"author":1,"featured_media":0,"parent":0,"menu_order":0,"comment_status":"closed","ping_status":"closed","template":"elementor_header_footer","meta":{"footnotes":""},"class_list":["post-21","page","type-page","status-publish","hentry"],"_links":{"self":[{"href":"https:\/\/ciscenjezgrade.com\/index.php\/wp-json\/wp\/v2\/pages\/21","targetHints":{"allow":["GET"]}}],"collection":[{"href":"https:\/\/ciscenjezgrade.com\/index.php\/wp-json\/wp\/v2\/pages"}],"about":[{"href":"https:\/\/ciscenjezgrade.com\/index.php\/wp-json\/wp\/v2\/types\/page"}],"author":[{"embeddable":true,"href":"https:\/\/ciscenjezgrade.com\/index.php\/wp-json\/wp\/v2\/users\/1"}],"replies":[{"embeddable":true,"href":"https:\/\/ciscenjezgrade.com\/index.php\/wp-json\/wp\/v2\/comments?post=21"}],"version-history":[{"count":16,"href":"https:\/\/ciscenjezgrade.com\/index.php\/wp-json\/wp\/v2\/pages\/21\/revisions"}],"predecessor-version":[{"id":289,"href":"https:\/\/ciscenjezgrade.com\/index.php\/wp-json\/wp\/v2\/pages\/21\/revisions\/289"}],"wp:attachment":[{"href":"https:\/\/ciscenjezgrade.com\/index.php\/wp-json\/wp\/v2\/media?parent=21"}],"curies":[{"name":"wp","href":"https:\/\/api.w.org\/{rel}","templated":true}]}}