{"id":203,"date":"2022-12-09T13:20:03","date_gmt":"2022-12-09T13:20:03","guid":{"rendered":"https:\/\/ciscenje.avi.rs\/?page_id=203"},"modified":"2022-12-09T13:21:06","modified_gmt":"2022-12-09T13:21:06","slug":"ciscenje-liftova","status":"publish","type":"page","link":"https:\/\/ciscenjezgrade.com\/index.php\/ciscenje-liftova\/","title":{"rendered":"\u010ci\u0161\u0107enje liftova"},"content":{"rendered":"\t\t<div data-elementor-type=\"wp-page\" data-elementor-id=\"203\" class=\"elementor elementor-203\" data-elementor-post-type=\"page\">\n\t\t\t\t\t\t<section class=\"elementor-section elementor-top-section elementor-element elementor-element-499aee92 elementor-section-height-min-height elementor-section-boxed elementor-section-height-default elementor-section-items-middle\" data-id=\"499aee92\" data-element_type=\"section\" data-e-type=\"section\" data-settings=\"{&quot;background_background&quot;:&quot;classic&quot;}\">\n\t\t\t\t\t\t\t<div class=\"elementor-background-overlay\"><\/div>\n\t\t\t\t\t\t\t<div class=\"elementor-container elementor-column-gap-default\">\n\t\t\t\t\t<div class=\"elementor-column elementor-col-100 elementor-top-column elementor-element elementor-element-539a6c85\" data-id=\"539a6c85\" data-element_type=\"column\" data-e-type=\"column\">\n\t\t\t<div class=\"elementor-widget-wrap elementor-element-populated\">\n\t\t\t\t\t\t<div class=\"elementor-element elementor-element-1d197ba5 elementor-invisible elementor-widget elementor-widget-heading\" data-id=\"1d197ba5\" data-element_type=\"widget\" data-e-type=\"widget\" data-settings=\"{&quot;_animation&quot;:&quot;fadeInDown&quot;}\" data-widget_type=\"heading.default\">\n\t\t\t\t<div class=\"elementor-widget-container\">\n\t\t\t\t\t<h1 class=\"elementor-heading-title elementor-size-default\">Ma\u0161insko \u010di\u0161\u0107enje zgrada\n<\/h1>\t\t\t\t<\/div>\n\t\t\t\t<\/div>\n\t\t\t\t\t<\/div>\n\t\t<\/div>\n\t\t\t\t\t<\/div>\n\t\t<\/section>\n\t\t\t\t<section class=\"elementor-section elementor-top-section elementor-element elementor-element-3a8cec73 elementor-section-full_width elementor-section-height-default elementor-section-height-default\" data-id=\"3a8cec73\" data-element_type=\"section\" data-e-type=\"section\" data-settings=\"{&quot;background_background&quot;:&quot;classic&quot;}\">\n\t\t\t\t\t\t<div class=\"elementor-container elementor-column-gap-default\">\n\t\t\t\t\t<div class=\"elementor-column elementor-col-100 elementor-top-column elementor-element elementor-element-743a74a3\" data-id=\"743a74a3\" data-element_type=\"column\" data-e-type=\"column\">\n\t\t\t<div class=\"elementor-widget-wrap elementor-element-populated\">\n\t\t\t\t\t\t<section class=\"elementor-section elementor-inner-section elementor-element elementor-element-742db2a elementor-reverse-mobile elementor-section-boxed elementor-section-height-default elementor-section-height-default\" data-id=\"742db2a\" data-element_type=\"section\" data-e-type=\"section\">\n\t\t\t\t\t\t<div class=\"elementor-container elementor-column-gap-default\">\n\t\t\t\t\t<div class=\"elementor-column elementor-col-100 elementor-inner-column elementor-element elementor-element-42960fa1\" data-id=\"42960fa1\" data-element_type=\"column\" data-e-type=\"column\">\n\t\t\t<div class=\"elementor-widget-wrap elementor-element-populated\">\n\t\t\t\t\t\t<div class=\"elementor-element elementor-element-2394f463 elementor-widget-divider--view-line elementor-widget elementor-widget-divider\" data-id=\"2394f463\" data-element_type=\"widget\" data-e-type=\"widget\" data-widget_type=\"divider.default\">\n\t\t\t\t<div class=\"elementor-widget-container\">\n\t\t\t\t\t\t\t<div class=\"elementor-divider\">\n\t\t\t<span class=\"elementor-divider-separator\">\n\t\t\t\t\t\t<\/span>\n\t\t<\/div>\n\t\t\t\t\t\t<\/div>\n\t\t\t\t<\/div>\n\t\t\t\t<div class=\"elementor-element elementor-element-5d4a82f elementor-widget elementor-widget-text-editor\" data-id=\"5d4a82f\" data-element_type=\"widget\" data-e-type=\"widget\" data-widget_type=\"text-editor.default\">\n\t\t\t\t<div class=\"elementor-widget-container\">\n\t\t\t\t\t\t\t\t\t<p><img fetchpriority=\"high\" decoding=\"async\" class=\"size-full wp-image-8542 alignright\" title=\"\u010ci\u0161\u010denje liftova\" src=\"https:\/\/ciscenjezgrade.com\/wp-content\/uploads\/2021\/11\/ciscenje-liftova.jpg\" sizes=\"(max-width: 550px) 100vw, 550px\" srcset=\"https:\/\/ciscenjezgrade.com\/wp-content\/uploads\/2021\/11\/ciscenje-liftova.jpg 550w, https:\/\/ciscenjezgrade.com\/wp-content\/uploads\/2021\/11\/ciscenje-liftova-300x200.jpg 300w\" alt=\"\u010ci\u0161\u010denje liftova\" width=\"550\" height=\"367\" \/>Veoma je va\u017eno voditi ra\u010duna o higijeni prostora, posebno kada su u pitanju mesta kroz koja na dnevnom nivou pro\u0111e ve\u0107i broj ljudi.\u00a0<strong>Zgrade, lokali, poslovni prostori, gara\u017ee, podrumi, liftovi<\/strong>, sve je to na\u0161a briga. Poslujemo ve\u0107 dugi niz godina i tu smo da Vam olak\u0161amo i ulep\u0161amo svakodnevnost.\u00a0<a href=\"https:\/\/ciscenjezgrade.com\/kontakt\/\">Kontaktirajte nas<\/a>\u00a0i dobi\u0107ete pouzdano\u00a0<a href=\"https:\/\/ciscenjezgrade.com\/odrzavanje-zgrade\/\">odr\u017eavanje zgrade<\/a>, kao i profesionalno \u010di\u0161\u0107enje liftova ili za \u0161ta god da Vam zatreba. Kada govorimo o liftovima, definitivno treba obratiti posebnu pa\u017enju na njihovu \u010disto\u0107u jer se svakoga dana njima preveze veliki broj korisnika, ne samo stanara zgrade ve\u0107 i ostalih posetilaca, kurira, majstora, itd. Redovnim odr\u017eavanjem \u010disto\u0107e u liftu \u0107e se izbe\u0107i razvijanje virusa i bakterija.\u00a0<strong>Dezinfekcija lifta<\/strong>\u00a0 i kompletno \u010di\u0161\u0107enje liftova je svakako va\u017ena i u regularnim uslovima, a jo\u0161 vi\u0161e kada nastupi period virusa.<\/p><p>Mi obavljamo \u010di\u0161\u0107enje liftova po najpovoljnijim cenama u Beogradu. Vr\u0161imo\u00a0<strong>detaljno brisanje kabine lifta, kao i njegovih vrata. \u010cistimo pau\u010dinu, pra\u0161inu i bri\u0161emo staklo na vratima, kao i ogledala u liftu<\/strong>. Koristimo\u00a0<strong>specijalne hemikalije koje nisu opasne po Va\u0161e zdravlje<\/strong>, a u potpunosti \u0107e ukloniti sve ne\u010disto\u0107e i prljav\u0161tinu koja mo\u017ee da se na\u0111e na povr\u0161inama unutar lifta. Uvek vr\u0161imo\u00a0<strong>dezinfekciju brave na liftu<\/strong>\u00a0i izbacujemo sve papiri\u0107e i otpad koji tu mo\u017ee da zavr\u0161i. Jo\u0161 jedan od \u010destih problema jesu zalepljene \u017evake na vratima ili podovima lifta, kao i nalepnice reklamnog materijala. Ukloni\u0107emo sve ono \u0161to mo\u017ee da naru\u017ei izgled unutra\u0161njosti lifta ili da izazove njegovu ne\u010disto\u0107u.<\/p><p>\u010ci\u0161\u0107enje liftova obavljamo u dogovoru sa Vama, a Vi nas u svakom trenutku mo\u017eete kontaktirati ukoliko imate bilo kakvih pitanja o uslovima poslovanja i sklapanju ugovora. Nakon na\u0161e intervencije, oseti\u0107ete pravu promenu i talas sve\u017eine. \u010cist lift je i zdrav lift, a tako\u0111e doprinosi celokupnom utisku zgrade u kojoj \u017eivite. Dobi\u0107ete uslugu po svetskom standardu, najvi\u0161eg nivoa kvaliteta. Vama smo na raspolaganju i ako vam zatrebaju usluge tipa\u00a0<a href=\"https:\/\/ciscenjezgrade.com\/ciscenje-zgrada\/\">\u010di\u0161\u0107enje zgrada<\/a>,\u00a0<a href=\"https:\/\/ciscenjezgrade.com\/ciscenje-lokala\/\">\u010di\u0161\u0107enje lokala<\/a>,\u00a0<a href=\"https:\/\/ciscenjezgrade.com\/ciscenje-podruma\/\">\u010di\u0161\u0107enje podruma<\/a>,\u00a0<a href=\"https:\/\/ciscenjezgrade.com\/ciscenje-garaza\/\">\u010di\u0161\u0107enje gara\u017ea<\/a>\u00a0i ostalog. Na raspolaganju smo Vam za sve vrste dogovora.<\/p>\t\t\t\t\t\t\t\t<\/div>\n\t\t\t\t<\/div>\n\t\t\t\t\t<\/div>\n\t\t<\/div>\n\t\t\t\t\t<\/div>\n\t\t<\/section>\n\t\t\t\t\t<\/div>\n\t\t<\/div>\n\t\t\t\t\t<\/div>\n\t\t<\/section>\n\t\t\t\t<\/div>\n\t\t","protected":false},"excerpt":{"rendered":"<p>Ma\u0161insko \u010di\u0161\u0107enje zgrada Veoma je va\u017eno voditi ra\u010duna o higijeni prostora, posebno kada su u pitanju mesta kroz koja na dnevnom nivou pro\u0111e ve\u0107i broj ljudi.\u00a0Zgrade, lokali, poslovni prostori, gara\u017ee, podrumi, liftovi, sve je to na\u0161a briga. Poslujemo ve\u0107 dugi niz godina i tu smo da Vam olak\u0161amo i ulep\u0161amo svakodnevnost.\u00a0Kontaktirajte nas\u00a0i dobi\u0107ete pouzdano\u00a0odr\u017eavanje zgrade, [&hellip;]<\/p>\n","protected":false},"author":1,"featured_media":0,"parent":0,"menu_order":0,"comment_status":"closed","ping_status":"closed","template":"elementor_header_footer","meta":{"footnotes":""},"class_list":["post-203","page","type-page","status-publish","hentry"],"_links":{"self":[{"href":"https:\/\/ciscenjezgrade.com\/index.php\/wp-json\/wp\/v2\/pages\/203","targetHints":{"allow":["GET"]}}],"collection":[{"href":"https:\/\/ciscenjezgrade.com\/index.php\/wp-json\/wp\/v2\/pages"}],"about":[{"href":"https:\/\/ciscenjezgrade.com\/index.php\/wp-json\/wp\/v2\/types\/page"}],"author":[{"embeddable":true,"href":"https:\/\/ciscenjezgrade.com\/index.php\/wp-json\/wp\/v2\/users\/1"}],"replies":[{"embeddable":true,"href":"https:\/\/ciscenjezgrade.com\/index.php\/wp-json\/wp\/v2\/comments?post=203"}],"version-history":[{"count":4,"href":"https:\/\/ciscenjezgrade.com\/index.php\/wp-json\/wp\/v2\/pages\/203\/revisions"}],"predecessor-version":[{"id":208,"href":"https:\/\/ciscenjezgrade.com\/index.php\/wp-json\/wp\/v2\/pages\/203\/revisions\/208"}],"wp:attachment":[{"href":"https:\/\/ciscenjezgrade.com\/index.php\/wp-json\/wp\/v2\/media?parent=203"}],"curies":[{"name":"wp","href":"https:\/\/api.w.org\/{rel}","templated":true}]}}