{"id":187,"date":"2022-12-09T13:16:12","date_gmt":"2022-12-09T13:16:12","guid":{"rendered":"https:\/\/ciscenje.avi.rs\/?page_id=187"},"modified":"2022-12-09T13:17:06","modified_gmt":"2022-12-09T13:17:06","slug":"dezinfekcija-ulaza","status":"publish","type":"page","link":"https:\/\/ciscenjezgrade.com\/index.php\/dezinfekcija-ulaza\/","title":{"rendered":"Dezinfekcija ulaza"},"content":{"rendered":"\t\t<div data-elementor-type=\"wp-page\" data-elementor-id=\"187\" class=\"elementor elementor-187\" data-elementor-post-type=\"page\">\n\t\t\t\t\t\t<section class=\"elementor-section elementor-top-section elementor-element elementor-element-5ed4b400 elementor-section-height-min-height elementor-section-boxed elementor-section-height-default elementor-section-items-middle\" data-id=\"5ed4b400\" data-element_type=\"section\" data-e-type=\"section\" data-settings=\"{&quot;background_background&quot;:&quot;classic&quot;}\">\n\t\t\t\t\t\t\t<div class=\"elementor-background-overlay\"><\/div>\n\t\t\t\t\t\t\t<div class=\"elementor-container elementor-column-gap-default\">\n\t\t\t\t\t<div class=\"elementor-column elementor-col-100 elementor-top-column elementor-element elementor-element-72b0b8d3\" data-id=\"72b0b8d3\" data-element_type=\"column\" data-e-type=\"column\">\n\t\t\t<div class=\"elementor-widget-wrap elementor-element-populated\">\n\t\t\t\t\t\t<div class=\"elementor-element elementor-element-7f44c63b elementor-invisible elementor-widget elementor-widget-heading\" data-id=\"7f44c63b\" data-element_type=\"widget\" data-e-type=\"widget\" data-settings=\"{&quot;_animation&quot;:&quot;fadeInDown&quot;}\" data-widget_type=\"heading.default\">\n\t\t\t\t<div class=\"elementor-widget-container\">\n\t\t\t\t\t<h1 class=\"elementor-heading-title elementor-size-default\">Dezinfekcija ulaza<\/h1>\t\t\t\t<\/div>\n\t\t\t\t<\/div>\n\t\t\t\t\t<\/div>\n\t\t<\/div>\n\t\t\t\t\t<\/div>\n\t\t<\/section>\n\t\t\t\t<section class=\"elementor-section elementor-top-section elementor-element elementor-element-4306be0b elementor-section-full_width elementor-section-height-default elementor-section-height-default\" data-id=\"4306be0b\" data-element_type=\"section\" data-e-type=\"section\" data-settings=\"{&quot;background_background&quot;:&quot;classic&quot;}\">\n\t\t\t\t\t\t<div class=\"elementor-container elementor-column-gap-default\">\n\t\t\t\t\t<div class=\"elementor-column elementor-col-100 elementor-top-column elementor-element elementor-element-1ec0539e\" data-id=\"1ec0539e\" data-element_type=\"column\" data-e-type=\"column\">\n\t\t\t<div class=\"elementor-widget-wrap elementor-element-populated\">\n\t\t\t\t\t\t<section class=\"elementor-section elementor-inner-section elementor-element elementor-element-8d740bd elementor-reverse-mobile elementor-section-boxed elementor-section-height-default elementor-section-height-default\" data-id=\"8d740bd\" data-element_type=\"section\" data-e-type=\"section\">\n\t\t\t\t\t\t<div class=\"elementor-container elementor-column-gap-default\">\n\t\t\t\t\t<div class=\"elementor-column elementor-col-100 elementor-inner-column elementor-element elementor-element-5a85f9a9\" data-id=\"5a85f9a9\" data-element_type=\"column\" data-e-type=\"column\">\n\t\t\t<div class=\"elementor-widget-wrap elementor-element-populated\">\n\t\t\t\t\t\t<div class=\"elementor-element elementor-element-78a49a3e elementor-widget-divider--view-line elementor-widget elementor-widget-divider\" data-id=\"78a49a3e\" data-element_type=\"widget\" data-e-type=\"widget\" data-widget_type=\"divider.default\">\n\t\t\t\t<div class=\"elementor-widget-container\">\n\t\t\t\t\t\t\t<div class=\"elementor-divider\">\n\t\t\t<span class=\"elementor-divider-separator\">\n\t\t\t\t\t\t<\/span>\n\t\t<\/div>\n\t\t\t\t\t\t<\/div>\n\t\t\t\t<\/div>\n\t\t\t\t<div class=\"elementor-element elementor-element-1c316946 elementor-widget elementor-widget-text-editor\" data-id=\"1c316946\" data-element_type=\"widget\" data-e-type=\"widget\" data-widget_type=\"text-editor.default\">\n\t\t\t\t<div class=\"elementor-widget-container\">\n\t\t\t\t\t\t\t\t\t<p><img fetchpriority=\"high\" decoding=\"async\" class=\"alignright size-full wp-image-9056 entered lazyloaded\" title=\"Dezinfekcija ulaza\" src=\"https:\/\/ciscenjezgrade.com\/wp-content\/uploads\/2022\/02\/dezinfekcija-ulaza.jpg\" sizes=\"(max-width: 550px) 100vw, 550px\" srcset=\"https:\/\/ciscenjezgrade.com\/wp-content\/uploads\/2022\/02\/dezinfekcija-ulaza.jpg 550w, https:\/\/ciscenjezgrade.com\/wp-content\/uploads\/2022\/02\/dezinfekcija-ulaza-300x164.jpg 300w\" alt=\"Dezinfekcija ulaza\" width=\"550\" height=\"301\" data-lazy-srcset=\"https:\/\/ciscenjezgrade.com\/wp-content\/uploads\/2022\/02\/dezinfekcija-ulaza.jpg 550w, https:\/\/ciscenjezgrade.com\/wp-content\/uploads\/2022\/02\/dezinfekcija-ulaza-300x164.jpg 300w\" data-lazy-sizes=\"(max-width: 550px) 100vw, 550px\" data-lazy-src=\"https:\/\/ciscenjezgrade.com\/wp-content\/uploads\/2022\/02\/dezinfekcija-ulaza.jpg\" data-ll-status=\"loaded\" \/>Ulaz zgrade \u010desto koriste i oni koji nisu njeni stanari, pa je veoma va\u017eno da se obavlja profesionalna dezinfekcija ulaza, posebno u ovim vremenima virusa i pandemije. Ukoliko nemate odabrane i pouzdane \u010dista\u010de kojima mo\u017eete da poverite ulazak u Va\u0161u zgradu i njeno sre\u0111ivanje, tu smo mi. Dobijate pouzdanu i efikasnu uslugu od strane proverenih i iskusnih profesionalaca koji \u0107e Vam obezbediti besprekorno \u010dist i higijenski opremljen prostor. S obzirom da se za dezinfekciju koriste razli\u010dita hemijska sredstva, bitno je da budu dermatolo\u0161ki ispitana i bezbedna po okolinu, odnosno da ni na koji na\u010din ne ugro\u017eavaju zdravlje stanara i onih koji u zgradu ulaze.<\/p><p>Cena dezinfekcije ulaza je jo\u0161 ne\u0161to \u0161to zanima one koji nas anga\u017euju, me\u0111utim, kod nas se dobija dezinfekcija ulaza po najpovoljnijim cenama. Idealan odnos cene i kvaliteta je upravo ono \u0161to vam nudimo, a uvek nas mo\u017eete anga\u017eovati i ukoliko vam je potrebna\u00a0<a href=\"https:\/\/ciscenjezgrade.com\/ciscenje-poslovnih-prostora\/\">dezinfekcija poslovnog prostora<\/a>,\u00a0<a href=\"https:\/\/ciscenjezgrade.com\/dezinfekcija-zgrade\/\">dezinfekcija zgrade<\/a>\u00a0ili\u00a0<a href=\"https:\/\/ciscenjezgrade.com\/ciscenje-ulaza\/\">\u010di\u0161\u0107enje ulaza<\/a>. Dezinfikujemo sve\u00a0<strong>drvene i staklene povr\u0161ine, kao i stepeni\u0161ta, brave<\/strong>,\u00a0<a href=\"https:\/\/ciscenjezgrade.com\/ciscenje-liftova\/\">liftove<\/a>,\u00a0<strong>interfon<\/strong>\u00a0i ono \u0161to se svakodnevno dodiruje od strane razli\u010ditih ljudi, a podlo\u017eno je zadr\u017eavanju i preno\u0161enju bakterija. U dogovoru sa Vama pravimo organizaciju dezinfekcije ulaza u terminu koji je najpogodniji. Tako\u0111e za sve \u0161to Vas zanima, a ti\u010de se dezinfekcije ulaza,\u00a0<a href=\"https:\/\/ciscenjezgrade.com\/ciscenje-zgrada\/\">\u010di\u0161\u0107enja zgrade<\/a>\u00a0i\u00a0<a href=\"https:\/\/ciscenjezgrade.com\/ciscenje-kancelarija\/\">\u010di\u0161\u0107enje kancelarija<\/a>, mo\u017eete se konsultovati sa nama u svakom trenutku.<\/p><p>Tu smo da Va\u0161 prostor u\u010dinimo prijatnim za boravak, te nas mo\u017eete\u00a0<a href=\"https:\/\/ciscenjezgrade.com\/kontakt\/\">pozvati<\/a>\u00a0i ukoliko imate problema sa insektima i ostalim glodarima. Pobrinu\u0107emo se da nestanu u najkra\u0107em mogu\u0107em roku.\u00a0<strong>Dezinfekcija ulaza, hodnika, svih povr\u0161ina u zgradi i poslovnim prostorima<\/strong>\u00a0je ono \u0161to mo\u017eete rezervisati jednim pozivom. Na\u0161a agencija Vam je na raspolaganju kada \u017eelite \u010di\u0161\u0107enje ulaza na najvi\u0161em nivou kvaliteta. Va\u0161e zdravlje i \u010disto\u0107a su na prvom mestu, a jedno bez drugog ne ide. Pa tako neka i mi budemo Va\u0161a asocijacija na besprekorno \u010disto i mirisno, jer je higijena ono \u0161to se kod nas podrazumeva.<\/p>\t\t\t\t\t\t\t\t<\/div>\n\t\t\t\t<\/div>\n\t\t\t\t\t<\/div>\n\t\t<\/div>\n\t\t\t\t\t<\/div>\n\t\t<\/section>\n\t\t\t\t\t<\/div>\n\t\t<\/div>\n\t\t\t\t\t<\/div>\n\t\t<\/section>\n\t\t\t\t<\/div>\n\t\t","protected":false},"excerpt":{"rendered":"<p>Dezinfekcija ulaza Ulaz zgrade \u010desto koriste i oni koji nisu njeni stanari, pa je veoma va\u017eno da se obavlja profesionalna dezinfekcija ulaza, posebno u ovim vremenima virusa i pandemije. Ukoliko nemate odabrane i pouzdane \u010dista\u010de kojima mo\u017eete da poverite ulazak u Va\u0161u zgradu i njeno sre\u0111ivanje, tu smo mi. Dobijate pouzdanu i efikasnu uslugu od [&hellip;]<\/p>\n","protected":false},"author":1,"featured_media":0,"parent":0,"menu_order":0,"comment_status":"closed","ping_status":"closed","template":"elementor_header_footer","meta":{"footnotes":""},"class_list":["post-187","page","type-page","status-publish","hentry"],"_links":{"self":[{"href":"https:\/\/ciscenjezgrade.com\/index.php\/wp-json\/wp\/v2\/pages\/187","targetHints":{"allow":["GET"]}}],"collection":[{"href":"https:\/\/ciscenjezgrade.com\/index.php\/wp-json\/wp\/v2\/pages"}],"about":[{"href":"https:\/\/ciscenjezgrade.com\/index.php\/wp-json\/wp\/v2\/types\/page"}],"author":[{"embeddable":true,"href":"https:\/\/ciscenjezgrade.com\/index.php\/wp-json\/wp\/v2\/users\/1"}],"replies":[{"embeddable":true,"href":"https:\/\/ciscenjezgrade.com\/index.php\/wp-json\/wp\/v2\/comments?post=187"}],"version-history":[{"count":4,"href":"https:\/\/ciscenjezgrade.com\/index.php\/wp-json\/wp\/v2\/pages\/187\/revisions"}],"predecessor-version":[{"id":191,"href":"https:\/\/ciscenjezgrade.com\/index.php\/wp-json\/wp\/v2\/pages\/187\/revisions\/191"}],"wp:attachment":[{"href":"https:\/\/ciscenjezgrade.com\/index.php\/wp-json\/wp\/v2\/media?parent=187"}],"curies":[{"name":"wp","href":"https:\/\/api.w.org\/{rel}","templated":true}]}}