{"id":179,"date":"2022-12-09T13:13:42","date_gmt":"2022-12-09T13:13:42","guid":{"rendered":"https:\/\/ciscenje.avi.rs\/?page_id=179"},"modified":"2022-12-09T13:14:41","modified_gmt":"2022-12-09T13:14:41","slug":"dezinfekcija-zgrade","status":"publish","type":"page","link":"https:\/\/ciscenjezgrade.com\/index.php\/dezinfekcija-zgrade\/","title":{"rendered":"Dezinfekcija zgrade"},"content":{"rendered":"\t\t<div data-elementor-type=\"wp-page\" data-elementor-id=\"179\" class=\"elementor elementor-179\" data-elementor-post-type=\"page\">\n\t\t\t\t\t\t<section class=\"elementor-section elementor-top-section elementor-element elementor-element-1437186a elementor-section-height-min-height elementor-section-boxed elementor-section-height-default elementor-section-items-middle\" data-id=\"1437186a\" data-element_type=\"section\" data-e-type=\"section\" data-settings=\"{&quot;background_background&quot;:&quot;classic&quot;}\">\n\t\t\t\t\t\t\t<div class=\"elementor-background-overlay\"><\/div>\n\t\t\t\t\t\t\t<div class=\"elementor-container elementor-column-gap-default\">\n\t\t\t\t\t<div class=\"elementor-column elementor-col-100 elementor-top-column elementor-element elementor-element-26eccf5\" data-id=\"26eccf5\" data-element_type=\"column\" data-e-type=\"column\">\n\t\t\t<div class=\"elementor-widget-wrap elementor-element-populated\">\n\t\t\t\t\t\t<div class=\"elementor-element elementor-element-3cf91e87 elementor-invisible elementor-widget elementor-widget-heading\" data-id=\"3cf91e87\" data-element_type=\"widget\" data-e-type=\"widget\" data-settings=\"{&quot;_animation&quot;:&quot;fadeInDown&quot;}\" data-widget_type=\"heading.default\">\n\t\t\t\t<div class=\"elementor-widget-container\">\n\t\t\t\t\t<h1 class=\"elementor-heading-title elementor-size-default\">Dezinfekcija zgrade<\/h1>\t\t\t\t<\/div>\n\t\t\t\t<\/div>\n\t\t\t\t\t<\/div>\n\t\t<\/div>\n\t\t\t\t\t<\/div>\n\t\t<\/section>\n\t\t\t\t<section class=\"elementor-section elementor-top-section elementor-element elementor-element-664f28c6 elementor-section-full_width elementor-section-height-default elementor-section-height-default\" data-id=\"664f28c6\" data-element_type=\"section\" data-e-type=\"section\" data-settings=\"{&quot;background_background&quot;:&quot;classic&quot;}\">\n\t\t\t\t\t\t<div class=\"elementor-container elementor-column-gap-default\">\n\t\t\t\t\t<div class=\"elementor-column elementor-col-100 elementor-top-column elementor-element elementor-element-2f29947d\" data-id=\"2f29947d\" data-element_type=\"column\" data-e-type=\"column\">\n\t\t\t<div class=\"elementor-widget-wrap elementor-element-populated\">\n\t\t\t\t\t\t<section class=\"elementor-section elementor-inner-section elementor-element elementor-element-3b9fefcf elementor-reverse-mobile elementor-section-boxed elementor-section-height-default elementor-section-height-default\" data-id=\"3b9fefcf\" data-element_type=\"section\" data-e-type=\"section\">\n\t\t\t\t\t\t<div class=\"elementor-container elementor-column-gap-default\">\n\t\t\t\t\t<div class=\"elementor-column elementor-col-100 elementor-inner-column elementor-element elementor-element-246b005e\" data-id=\"246b005e\" data-element_type=\"column\" data-e-type=\"column\">\n\t\t\t<div class=\"elementor-widget-wrap elementor-element-populated\">\n\t\t\t\t\t\t<div class=\"elementor-element elementor-element-515ae4c0 elementor-widget-divider--view-line elementor-widget elementor-widget-divider\" data-id=\"515ae4c0\" data-element_type=\"widget\" data-e-type=\"widget\" data-widget_type=\"divider.default\">\n\t\t\t\t<div class=\"elementor-widget-container\">\n\t\t\t\t\t\t\t<div class=\"elementor-divider\">\n\t\t\t<span class=\"elementor-divider-separator\">\n\t\t\t\t\t\t<\/span>\n\t\t<\/div>\n\t\t\t\t\t\t<\/div>\n\t\t\t\t<\/div>\n\t\t\t\t<div class=\"elementor-element elementor-element-178bfdf0 elementor-widget elementor-widget-text-editor\" data-id=\"178bfdf0\" data-element_type=\"widget\" data-e-type=\"widget\" data-widget_type=\"text-editor.default\">\n\t\t\t\t<div class=\"elementor-widget-container\">\n\t\t\t\t\t\t\t\t\t<p><img fetchpriority=\"high\" decoding=\"async\" class=\"alignright size-full wp-image-9052 entered lazyloaded\" title=\"Dezinfekcija zgrade\" src=\"https:\/\/ciscenjezgrade.com\/wp-content\/uploads\/2022\/02\/dezinfekcija-zgrade.png\" sizes=\"(max-width: 550px) 100vw, 550px\" srcset=\"https:\/\/ciscenjezgrade.com\/wp-content\/uploads\/2022\/02\/dezinfekcija-zgrade.png 550w, https:\/\/ciscenjezgrade.com\/wp-content\/uploads\/2022\/02\/dezinfekcija-zgrade-300x200.png 300w\" alt=\"Dezinfekcija zgrade\" width=\"550\" height=\"367\" data-lazy-srcset=\"https:\/\/ciscenjezgrade.com\/wp-content\/uploads\/2022\/02\/dezinfekcija-zgrade.png 550w, https:\/\/ciscenjezgrade.com\/wp-content\/uploads\/2022\/02\/dezinfekcija-zgrade-300x200.png 300w\" data-lazy-sizes=\"(max-width: 550px) 100vw, 550px\" data-lazy-src=\"https:\/\/ciscenjezgrade.com\/wp-content\/uploads\/2022\/02\/dezinfekcija-zgrade.png\" data-ll-status=\"loaded\" \/>Ako je potrebno da se obavi dezinfekcija zgrade u Beogradu, znajte da nam se mo\u017eete obratiti i dobi\u0107ete uslugu na najvi\u0161em nivou kvaliteta. Kada je u pitanju \u017eivot u stambenoj zgradi, higijena je posebno va\u017ena upravo zbog toga \u0161to je to mesto za \u017eivot koje deli veliki broj ljudi. Pored toga, kroz jednu zgradu svakodnevno pro\u0111e veliki broj onih koji u njoj ne \u017eive, od posetilaca ostalih stanara, po\u0161tara, kurira, majstora, itd. \u010cisto\u0107a je u tom slu\u010daju veoma va\u017ena, a dezinfekcija zgrade je najbolja intervencija kojom \u0107e se posti\u0107i \u017eeljeni rezultati. Na raspolaganju smo vam za sva pitanja, a tako\u0111e smo tu ukoliko Vam je potrebna\u00a0<a href=\"https:\/\/ciscenjezgrade.com\/ciscenje-poslovnih-prostora\/\">dezinfekcija poslovnog prostora<\/a>\u00a0ili\u00a0<a href=\"https:\/\/ciscenjezgrade.com\/ciscenje-kancelarija\/\">\u010di\u0161\u0107enje kancelarija<\/a>.<\/p><p>\u00a0<\/p><p>Tokom kovid pandemije, higijena je dodatno dobila na zna\u010daju i svi smo postali svesniji one \u010duvene \u201e\u010disto\u0107a je pola zdravlja\u201c. Upravo zbog Va\u0161eg zdravlja, koristimo ispitana dezinfekciona sredstva, koja ne uti\u010du na izazivanje alergije i ostalih ne\u017eeljenih reakcija po Va\u0161e zdravlje. Dobijate \u010distu i potpuno dezinfikovanu zgradu. Brave su naj\u010de\u0161\u0107i prenosioci bakterija, kao i sve ostale povr\u0161ine koje se svakodnevno dodiruju od strane razli\u010ditih osoba. Ovde se podrazumeva i dugme za pozivanje lifta,\u00a0<a href=\"https:\/\/ciscenjezgrade.com\/ciscenje-liftova\/\">vrata od lifta<\/a>, gelenderi, pa \u010dak i interfon. Mi \u0107emo se pobrinuti za potpunu dezinfekciju zgrade kako bi se rizik od daljeg razvijanja i preno\u0161enja bakterija sveo na minimum.<\/p><p>Koristimo specijalnu opremu namenjenu za dezinfekciju zgrade, kao i sva hemijska sredstva i krpe od posebnih materijala. Na ovaj na\u010din dobijate besprekorno \u010distu i dezinfekciono pokrivenu zgradu. Na\u0161i profesionalni \u010dista\u010di su tu da posao obave bez ikakvih propusta. Nakon na\u0161eg intervenisanja, dobi\u0107ete apsolutno \u010distu zgradu, od ulaza do poslednjeg sprata, a sve u dogovorenom terminu. Profesionalna dezinfekcija zgrade, stepeni\u0161ta, hodnika u Beogradu je zaista mogu\u0107a, u \u0161ta \u0107ete se veoma brzo uveriti nakon \u0161to se mi pobrinemo za posao. Prvi utisak je veoma va\u017ean, a nakon na\u0161e intervencije, mo\u017eete sasvim spremno da do\u010dekate svakoga ko kro\u010di u ulaz va\u0161e zgrade.<\/p>\t\t\t\t\t\t\t\t<\/div>\n\t\t\t\t<\/div>\n\t\t\t\t\t<\/div>\n\t\t<\/div>\n\t\t\t\t\t<\/div>\n\t\t<\/section>\n\t\t\t\t\t<\/div>\n\t\t<\/div>\n\t\t\t\t\t<\/div>\n\t\t<\/section>\n\t\t\t\t<\/div>\n\t\t","protected":false},"excerpt":{"rendered":"<p>Dezinfekcija zgrade Ako je potrebno da se obavi dezinfekcija zgrade u Beogradu, znajte da nam se mo\u017eete obratiti i dobi\u0107ete uslugu na najvi\u0161em nivou kvaliteta. Kada je u pitanju \u017eivot u stambenoj zgradi, higijena je posebno va\u017ena upravo zbog toga \u0161to je to mesto za \u017eivot koje deli veliki broj ljudi. Pored toga, kroz jednu [&hellip;]<\/p>\n","protected":false},"author":1,"featured_media":0,"parent":0,"menu_order":0,"comment_status":"closed","ping_status":"closed","template":"elementor_header_footer","meta":{"footnotes":""},"class_list":["post-179","page","type-page","status-publish","hentry"],"_links":{"self":[{"href":"https:\/\/ciscenjezgrade.com\/index.php\/wp-json\/wp\/v2\/pages\/179","targetHints":{"allow":["GET"]}}],"collection":[{"href":"https:\/\/ciscenjezgrade.com\/index.php\/wp-json\/wp\/v2\/pages"}],"about":[{"href":"https:\/\/ciscenjezgrade.com\/index.php\/wp-json\/wp\/v2\/types\/page"}],"author":[{"embeddable":true,"href":"https:\/\/ciscenjezgrade.com\/index.php\/wp-json\/wp\/v2\/users\/1"}],"replies":[{"embeddable":true,"href":"https:\/\/ciscenjezgrade.com\/index.php\/wp-json\/wp\/v2\/comments?post=179"}],"version-history":[{"count":4,"href":"https:\/\/ciscenjezgrade.com\/index.php\/wp-json\/wp\/v2\/pages\/179\/revisions"}],"predecessor-version":[{"id":183,"href":"https:\/\/ciscenjezgrade.com\/index.php\/wp-json\/wp\/v2\/pages\/179\/revisions\/183"}],"wp:attachment":[{"href":"https:\/\/ciscenjezgrade.com\/index.php\/wp-json\/wp\/v2\/media?parent=179"}],"curies":[{"name":"wp","href":"https:\/\/api.w.org\/{rel}","templated":true}]}}