{"id":154,"date":"2022-12-09T13:07:30","date_gmt":"2022-12-09T13:07:30","guid":{"rendered":"https:\/\/ciscenje.avi.rs\/?page_id=154"},"modified":"2022-12-21T10:14:07","modified_gmt":"2022-12-21T10:14:07","slug":"masinsko-ciscenje-zgrada","status":"publish","type":"page","link":"https:\/\/ciscenjezgrade.com\/index.php\/masinsko-ciscenje-zgrada\/","title":{"rendered":"Ma\u0161insko \u010di\u0161\u0107enje zgrada"},"content":{"rendered":"\t\t<div data-elementor-type=\"wp-page\" data-elementor-id=\"154\" class=\"elementor elementor-154\" data-elementor-post-type=\"page\">\n\t\t\t\t\t\t<section class=\"elementor-section elementor-top-section elementor-element elementor-element-63c2bb6a elementor-section-height-min-height elementor-section-boxed elementor-section-height-default elementor-section-items-middle\" data-id=\"63c2bb6a\" data-element_type=\"section\" data-e-type=\"section\" data-settings=\"{&quot;background_background&quot;:&quot;classic&quot;}\">\n\t\t\t\t\t\t\t<div class=\"elementor-background-overlay\"><\/div>\n\t\t\t\t\t\t\t<div class=\"elementor-container elementor-column-gap-default\">\n\t\t\t\t\t<div class=\"elementor-column elementor-col-100 elementor-top-column elementor-element elementor-element-76e56fc\" data-id=\"76e56fc\" data-element_type=\"column\" data-e-type=\"column\">\n\t\t\t<div class=\"elementor-widget-wrap elementor-element-populated\">\n\t\t\t\t\t\t<div class=\"elementor-element elementor-element-a724684 elementor-invisible elementor-widget elementor-widget-heading\" data-id=\"a724684\" data-element_type=\"widget\" data-e-type=\"widget\" data-settings=\"{&quot;_animation&quot;:&quot;fadeInDown&quot;}\" data-widget_type=\"heading.default\">\n\t\t\t\t<div class=\"elementor-widget-container\">\n\t\t\t\t\t<h1 class=\"elementor-heading-title elementor-size-default\">Ma\u0161insko \u010di\u0161\u0107enje zgrada\n<\/h1>\t\t\t\t<\/div>\n\t\t\t\t<\/div>\n\t\t\t\t\t<\/div>\n\t\t<\/div>\n\t\t\t\t\t<\/div>\n\t\t<\/section>\n\t\t\t\t<section class=\"elementor-section elementor-top-section elementor-element elementor-element-d9869ef elementor-section-boxed elementor-section-height-default elementor-section-height-default\" data-id=\"d9869ef\" data-element_type=\"section\" data-e-type=\"section\">\n\t\t\t\t\t\t<div class=\"elementor-container elementor-column-gap-default\">\n\t\t\t\t\t<div class=\"elementor-column elementor-col-100 elementor-top-column elementor-element elementor-element-e745a75\" data-id=\"e745a75\" data-element_type=\"column\" data-e-type=\"column\">\n\t\t\t<div class=\"elementor-widget-wrap elementor-element-populated\">\n\t\t\t\t\t\t<div class=\"elementor-element elementor-element-6c81c9d elementor-arrows-position-inside elementor-pagination-position-outside elementor-widget elementor-widget-image-carousel\" data-id=\"6c81c9d\" data-element_type=\"widget\" data-e-type=\"widget\" data-settings=\"{&quot;navigation&quot;:&quot;both&quot;,&quot;autoplay&quot;:&quot;yes&quot;,&quot;pause_on_hover&quot;:&quot;yes&quot;,&quot;pause_on_interaction&quot;:&quot;yes&quot;,&quot;autoplay_speed&quot;:5000,&quot;infinite&quot;:&quot;yes&quot;,&quot;speed&quot;:500}\" data-widget_type=\"image-carousel.default\">\n\t\t\t\t<div class=\"elementor-widget-container\">\n\t\t\t\t\t\t\t<div class=\"elementor-image-carousel-wrapper swiper\" role=\"region\" aria-roledescription=\"carousel\" aria-label=\"Image Carousel\" dir=\"ltr\">\n\t\t\t<div class=\"elementor-image-carousel swiper-wrapper\" aria-live=\"off\">\n\t\t\t\t\t\t\t\t<div class=\"swiper-slide\" role=\"group\" aria-roledescription=\"slide\" aria-label=\"1 of 5\"><figure class=\"swiper-slide-inner\"><img decoding=\"async\" class=\"swiper-slide-image\" src=\"https:\/\/ciscenjezgrade.com\/wp-content\/uploads\/2022\/12\/1633426686288-comac-vispa-xs-lavasciuga-pavimenti-negozio_500x500.webp\" alt=\"1633426686288-comac-vispa-xs-lavasciuga-pavimenti-negozio_500x500\" \/><\/figure><\/div><div class=\"swiper-slide\" role=\"group\" aria-roledescription=\"slide\" aria-label=\"2 of 5\"><figure class=\"swiper-slide-inner\"><img decoding=\"async\" class=\"swiper-slide-image\" src=\"https:\/\/ciscenjezgrade.com\/wp-content\/uploads\/2022\/12\/1633426668857-comac-vispa-xs-lavasciuga-pavimenti-retail-farmacia_500x500.webp\" alt=\"1633426668857-comac-vispa-xs-lavasciuga-pavimenti-retail-farmacia_500x500\" \/><\/figure><\/div><div class=\"swiper-slide\" role=\"group\" aria-roledescription=\"slide\" aria-label=\"3 of 5\"><figure class=\"swiper-slide-inner\"><img decoding=\"async\" class=\"swiper-slide-image\" src=\"https:\/\/ciscenjezgrade.com\/wp-content\/uploads\/2022\/12\/1633426648738-comac-vispa-xs-lavasciuga-pavimenti-leggera_500x500.jpg\" alt=\"1633426648738-comac-vispa-xs-lavasciuga-pavimenti-leggera_500x500\" \/><\/figure><\/div><div class=\"swiper-slide\" role=\"group\" aria-roledescription=\"slide\" aria-label=\"4 of 5\"><figure class=\"swiper-slide-inner\"><img decoding=\"async\" class=\"swiper-slide-image\" src=\"https:\/\/ciscenjezgrade.com\/wp-content\/uploads\/2022\/12\/1633426722711-comac-vispa-xs-lavasciuga-pavimenti-ambienti-commerciali_500x500.webp\" alt=\"1633426722711-comac-vispa-xs-lavasciuga-pavimenti-ambienti-commerciali_500x500\" \/><\/figure><\/div><div class=\"swiper-slide\" role=\"group\" aria-roledescription=\"slide\" aria-label=\"5 of 5\"><figure class=\"swiper-slide-inner\"><img decoding=\"async\" class=\"swiper-slide-image\" src=\"https:\/\/ciscenjezgrade.com\/wp-content\/uploads\/2022\/12\/1633426707968-comac-vispa-xs-lavasciuga-pavimenti-bar_500x500.webp\" alt=\"1633426707968-comac-vispa-xs-lavasciuga-pavimenti-bar_500x500\" \/><\/figure><\/div>\t\t\t<\/div>\n\t\t\t\t\t\t\t\t\t\t\t\t<div class=\"elementor-swiper-button elementor-swiper-button-prev\" role=\"button\" tabindex=\"0\">\n\t\t\t\t\t\t<i aria-hidden=\"true\" class=\"eicon-chevron-left\"><\/i>\t\t\t\t\t<\/div>\n\t\t\t\t\t<div class=\"elementor-swiper-button elementor-swiper-button-next\" role=\"button\" tabindex=\"0\">\n\t\t\t\t\t\t<i aria-hidden=\"true\" class=\"eicon-chevron-right\"><\/i>\t\t\t\t\t<\/div>\n\t\t\t\t\n\t\t\t\t\t\t\t\t\t<div class=\"swiper-pagination\"><\/div>\n\t\t\t\t\t\t\t\t\t<\/div>\n\t\t\t\t\t\t<\/div>\n\t\t\t\t<\/div>\n\t\t\t\t\t<\/div>\n\t\t<\/div>\n\t\t\t\t\t<\/div>\n\t\t<\/section>\n\t\t\t\t<section class=\"elementor-section elementor-top-section elementor-element elementor-element-23772689 elementor-section-full_width elementor-section-height-default elementor-section-height-default\" data-id=\"23772689\" data-element_type=\"section\" data-e-type=\"section\" data-settings=\"{&quot;background_background&quot;:&quot;classic&quot;}\">\n\t\t\t\t\t\t<div class=\"elementor-container elementor-column-gap-default\">\n\t\t\t\t\t<div class=\"elementor-column elementor-col-100 elementor-top-column elementor-element elementor-element-6096bbeb\" data-id=\"6096bbeb\" data-element_type=\"column\" data-e-type=\"column\">\n\t\t\t<div class=\"elementor-widget-wrap elementor-element-populated\">\n\t\t\t\t\t\t<section class=\"elementor-section elementor-inner-section elementor-element elementor-element-1478e400 elementor-reverse-mobile elementor-section-boxed elementor-section-height-default elementor-section-height-default\" data-id=\"1478e400\" data-element_type=\"section\" data-e-type=\"section\">\n\t\t\t\t\t\t<div class=\"elementor-container elementor-column-gap-default\">\n\t\t\t\t\t<div class=\"elementor-column elementor-col-100 elementor-inner-column elementor-element elementor-element-1161a871\" data-id=\"1161a871\" data-element_type=\"column\" data-e-type=\"column\">\n\t\t\t<div class=\"elementor-widget-wrap elementor-element-populated\">\n\t\t\t\t\t\t<div class=\"elementor-element elementor-element-2421c0e8 elementor-widget-divider--view-line elementor-widget elementor-widget-divider\" data-id=\"2421c0e8\" data-element_type=\"widget\" data-e-type=\"widget\" data-widget_type=\"divider.default\">\n\t\t\t\t<div class=\"elementor-widget-container\">\n\t\t\t\t\t\t\t<div class=\"elementor-divider\">\n\t\t\t<span class=\"elementor-divider-separator\">\n\t\t\t\t\t\t<\/span>\n\t\t<\/div>\n\t\t\t\t\t\t<\/div>\n\t\t\t\t<\/div>\n\t\t\t\t<div class=\"elementor-element elementor-element-4cf3c46 elementor-widget elementor-widget-text-editor\" data-id=\"4cf3c46\" data-element_type=\"widget\" data-e-type=\"widget\" data-widget_type=\"text-editor.default\">\n\t\t\t\t<div class=\"elementor-widget-container\">\n\t\t\t\t\t\t\t\t\t<div>Ma\u0161insko \u010di\u0161\u0107enje zgrade je jedna od metoda kojom pru\u017eamo profesionalno <a href=\"https:\/\/ciscenjezgrade.com\/ciscenje-zgrada\/\">\u010di\u0161\u0107enje zgrada<\/a>\u00a0ili poslovnih prostora. Ma\u0161insko \u010di\u0161\u0107enje zgrade je jedino re\u0161enje za kompletno\u00a0<a href=\"https:\/\/ciscenjezgrade.com\/odrzavanje-zgrade\/\">odr\u017eavanje zgrade<\/a>\u00a0gde se uklanjaju sve prljav\u0161tine i pru\u017ea se kvalitetno\u00a0<a href=\"https:\/\/ciscenjezgrade.com\/ciscenje-ulaza\/\">\u010di\u0161\u0107enje ulaza<\/a>\u00a0i kompletnih spratova.<\/div><div>\u00a0<\/div><div><p>Predstavljamo vam revolucionarnu ma\u0161inu za\u00a0<strong>pranje poda sa funkcijom \u010detkanja, nano\u0161enja hemije i su\u0161enja u jednom prolazu ma\u0161ine. Idealan za male oblasti i pru\u017ea neverovatan u\u010dinak \u010di\u0161\u0107enja<\/strong>.Sa Vispom 35 sva\u00a0<strong>ne\u010disto\u0107a ce biti u rezervoaru za otpadnu te\u010dnost<\/strong>, a ne\u0107e biti razmazana po podu kao \u0161to bi bio slu\u010daj sa tradicionalnim manuelnim \u010di\u0161\u0107enjem. Svaki zadatak \u010di\u0161\u0107enja sa Vispom 35 postaje mnogo lak\u0161i.<\/p><p><strong>Jedina ma\u0161ina za \u010di\u0161\u0107enje koja obezbe\u0111uje\u00a0perfektno \u010di\u0161\u0107enje i su\u0161enje i na krivinama\u00a0bez potrebe da se uglovi \u010diste pod pravim uglom.<\/strong><\/p><\/div>\t\t\t\t\t\t\t\t<\/div>\n\t\t\t\t<\/div>\n\t\t\t\t\t<\/div>\n\t\t<\/div>\n\t\t\t\t\t<\/div>\n\t\t<\/section>\n\t\t\t\t\t<\/div>\n\t\t<\/div>\n\t\t\t\t\t<\/div>\n\t\t<\/section>\n\t\t\t\t<\/div>\n\t\t","protected":false},"excerpt":{"rendered":"<p>Ma\u0161insko \u010di\u0161\u0107enje zgrada Previous Next Ma\u0161insko \u010di\u0161\u0107enje zgrade je jedna od metoda kojom pru\u017eamo profesionalno \u010di\u0161\u0107enje zgrada\u00a0ili poslovnih prostora. Ma\u0161insko \u010di\u0161\u0107enje zgrade je jedino re\u0161enje za kompletno\u00a0odr\u017eavanje zgrade\u00a0gde se uklanjaju sve prljav\u0161tine i pru\u017ea se kvalitetno\u00a0\u010di\u0161\u0107enje ulaza\u00a0i kompletnih spratova.\u00a0 Predstavljamo vam revolucionarnu ma\u0161inu za\u00a0pranje poda sa funkcijom \u010detkanja, nano\u0161enja hemije i su\u0161enja u jednom prolazu [&hellip;]<\/p>\n","protected":false},"author":1,"featured_media":0,"parent":0,"menu_order":0,"comment_status":"closed","ping_status":"closed","template":"elementor_header_footer","meta":{"footnotes":""},"class_list":["post-154","page","type-page","status-publish","hentry"],"_links":{"self":[{"href":"https:\/\/ciscenjezgrade.com\/index.php\/wp-json\/wp\/v2\/pages\/154","targetHints":{"allow":["GET"]}}],"collection":[{"href":"https:\/\/ciscenjezgrade.com\/index.php\/wp-json\/wp\/v2\/pages"}],"about":[{"href":"https:\/\/ciscenjezgrade.com\/index.php\/wp-json\/wp\/v2\/types\/page"}],"author":[{"embeddable":true,"href":"https:\/\/ciscenjezgrade.com\/index.php\/wp-json\/wp\/v2\/users\/1"}],"replies":[{"embeddable":true,"href":"https:\/\/ciscenjezgrade.com\/index.php\/wp-json\/wp\/v2\/comments?post=154"}],"version-history":[{"count":13,"href":"https:\/\/ciscenjezgrade.com\/index.php\/wp-json\/wp\/v2\/pages\/154\/revisions"}],"predecessor-version":[{"id":353,"href":"https:\/\/ciscenjezgrade.com\/index.php\/wp-json\/wp\/v2\/pages\/154\/revisions\/353"}],"wp:attachment":[{"href":"https:\/\/ciscenjezgrade.com\/index.php\/wp-json\/wp\/v2\/media?parent=154"}],"curies":[{"name":"wp","href":"https:\/\/api.w.org\/{rel}","templated":true}]}}